{"id":5829,"date":"2020-12-14T13:53:44","date_gmt":"2020-12-14T13:53:44","guid":{"rendered":"https:\/\/demo.wayel.it\/e-scooter\/"},"modified":"2026-02-20T14:07:22","modified_gmt":"2026-02-20T14:07:22","slug":"e-scooter","status":"publish","type":"page","link":"https:\/\/www.wayel.it\/en\/e-scooter\/","title":{"rendered":"E-scooter"},"content":{"rendered":"<div class=\"wpb-content-wrapper\"><p>[vc_row full_width=&#8221;stretch_row_content&#8221; gap=&#8221;35&#8243; full_height=&#8221;yes&#8221; columns_placement=&#8221;bottom&#8221; el_class=&#8221;header-prodotto ottanta&#8221; css=&#8221;.vc_custom_1610028692374{padding-right: 35px !important;padding-left: 35px !important;background-image: url(https:\/\/www.wayel.it\/wp-content\/uploads\/2020\/12\/e-scooter-header-1.jpg?id=4976) !important;background-position: center !important;background-repeat: no-repeat !important;background-size: cover !important;}&#8221;][vc_column][vc_row_inner content_placement=&#8221;bottom&#8221;][vc_column_inner el_class=&#8221;container-nome-png&#8221;][vc_column_text]<\/p>\n<h1>E-scooter<\/h1>\n<p>[\/vc_column_text][\/vc_column_inner][\/vc_row_inner][\/vc_column][\/vc_row][vc_row gap=&#8221;35&#8243; equal_height=&#8221;yes&#8221; el_class=&#8221;columnsgap-xl padding-strech pagina-categoria intro sezione nopadding-mobile&#8221;][vc_column][vc_custom_heading text=&#8221;An electrifying future&#8221; font_container=&#8221;tag:h1|text_align:left|color:%238dc63f&#8221; use_theme_fonts=&#8221;yes&#8221;][vc_row_inner content_placement=&#8221;middle&#8221;][vc_column_inner el_class=&#8221;testo&#8221; width=&#8221;2\/3&#8243;][vc_column_text css=&#8221;&#8221; css_params=&#8221;&#8221;]<strong>Urban mobility is changing.<br \/>\nThe world of two wheels is finally ready for the electric revolution.<\/strong><\/p>\n<p>The new WAYEL electric scooters move with agility in urban traffic. They are comfortable thanks to the eco-leather seats, ecological because they have no emissions, and safe with front and rear disc brakes. W2, W3 are equipped with ultra-efficient BOSCH motors, which give the right balance between performance and energy consumption. NCE S is instead equipped with a powerful 6600 kW motor.<br \/>\nWAYEL electric scooters benefit from state and regional eco-incentives, are exempt from road tax for five years and they have significantly reduced maintenance costs, and circulate in the LTZ of most Italian municipalities*.[\/vc_column_text][\/vc_column_inner][vc_column_inner el_class=&#8221;immagine centro&#8221; width=&#8221;1\/3&#8243;][vc_single_image image=&#8221;6006&#8243; img_size=&#8221;full&#8221;][\/vc_column_inner][\/vc_row_inner][\/vc_column][\/vc_row][vc_row full_width=&#8221;stretch_row_content&#8221; gap=&#8221;30&#8243; el_class=&#8221;padding-strech elenco-prodotti nopadding-mobile&#8221; css=&#8221;.vc_custom_1652431346024{padding-bottom: 40px !important;}&#8221;][vc_column width=&#8221;1\/3&#8243;][vc_single_image image=&#8221;6146&#8243; img_size=&#8221;full&#8221; onclick=&#8221;custom_link&#8221; link=&#8221;\/en\/e-scooter-w2\/&#8221;]<a aria-label=\"W2\" class=\"porto-sicon-box-link\" href=\"\/en\/e-scooter-w2\/\" title='E-scooter W2'><div class=\"porto-sicon-box  wpb_custom_1efe903570d178ff0a9b7bfa5febd3a4 style_1 top-icon\"><div class=\"porto-sicon-header\"><h4 class=\"porto-sicon-title\" style=\"font-size:24px;\">W2<\/h4><\/div> <!-- header --><\/div><!-- porto-sicon-box --><\/a>[\/vc_column][vc_column width=&#8221;1\/3&#8243;][vc_single_image image=&#8221;12829&#8243; img_size=&#8221;full&#8221; onclick=&#8221;custom_link&#8221; link=&#8221;\/en\/e-scooter-w3\/&#8221;]<a aria-label=\"W3\" class=\"porto-sicon-box-link\" href=\"\/en\/e-scooter-w3\/\" title='E-scooter W3'><div class=\"porto-sicon-box  wpb_custom_1efe903570d178ff0a9b7bfa5febd3a4 style_1 top-icon\"><div class=\"porto-sicon-header\"><h4 class=\"porto-sicon-title\" style=\"font-size:24px;\">W3<\/h4><\/div> <!-- header --><\/div><!-- porto-sicon-box --><\/a>[\/vc_column][vc_column width=&#8221;1\/3&#8243;][vc_single_image image=&#8221;12825&#8243; img_size=&#8221;full&#8221; onclick=&#8221;custom_link&#8221; link=&#8221;\/en\/e-scooter-nces\/&#8221;]<a aria-label=\"NCE S\" class=\"porto-sicon-box-link\" href=\"\/en\/e-scooter-nces\/\" title='E-scooter NCE S'><div class=\"porto-sicon-box  wpb_custom_1efe903570d178ff0a9b7bfa5febd3a4 style_1 top-icon\"><div class=\"porto-sicon-header\"><h4 class=\"porto-sicon-title\" style=\"font-size:24px;\">NCE S<\/h4><\/div> <!-- header --><\/div><!-- porto-sicon-box --><\/a>[\/vc_column][\/vc_row][vc_row full_width=&#8221;stretch_row&#8221; gap=&#8221;35&#8243; equal_height=&#8221;yes&#8221; content_placement=&#8221;top&#8221; el_class=&#8221;columnsgap-xl padding-strech tre-sezioni pagina-categoria nopadding-mobile&#8221; css=&#8221;.vc_custom_1611841935096{padding-top: 50px !important;padding-bottom: 50px !important;background-color: #eeeeee !important;}&#8221;][vc_column][vc_custom_heading text=&#8221;5 reasons to choose e-scooters WAYEL&#8221; font_container=&#8221;tag:h1|text_align:center&#8221; use_theme_fonts=&#8221;yes&#8221;][vc_empty_space][vc_row_inner][vc_column_inner width=&#8221;1\/5&#8243;]<div class=\"porto-sicon-box  wpb_custom_1efe903570d178ff0a9b7bfa5febd3a4 style_1 top-icon\"><div class=\"porto-sicon-top\"><div class=\"porto-just-icon-wrapper porto-sicon-img  porto-icon-9f5d1cfb45d27d96b50bf473aebba227\" style=\"font-size: 48px;\"><img loading=\"lazy\" decoding=\"async\" class=\"img-icon\" alt=\"\" src=\"https:\/\/www.wayel.it\/wp-content\/uploads\/2020\/12\/icona-usb.svg\" width=\"1\" height=\"1\" \/><\/div><\/div><div class=\"porto-sicon-header\"><h4 class=\"porto-sicon-title\" style=\"font-weight:600;font-size:20px;\">USB charging<\/h4><p>Always connected with the USB socket to recharge your smartphone.<\/p><\/div> <!-- header --><\/div><!-- porto-sicon-box -->[\/vc_column_inner][vc_column_inner width=&#8221;1\/5&#8243;]<div class=\"porto-sicon-box  wpb_custom_1efe903570d178ff0a9b7bfa5febd3a4 style_1 top-icon\"><div class=\"porto-sicon-top\"><div class=\"porto-just-icon-wrapper porto-sicon-img  porto-icon-9f5d1cfb45d27d96b50bf473aebba227\" style=\"font-size: 48px;\"><img loading=\"lazy\" decoding=\"async\" class=\"img-icon\" alt=\"\" src=\"https:\/\/www.wayel.it\/wp-content\/uploads\/2020\/12\/icona-antifurto.svg\" width=\"1\" height=\"1\" \/><\/div><\/div><div class=\"porto-sicon-header\"><h4 class=\"porto-sicon-title\" style=\"font-weight:600;font-size:20px;\">Theft protection<\/h4><p>Supplied anti-theft that emits an alert sound and protects your scooter from malicious people.<\/p><\/div> <!-- header --><\/div><!-- porto-sicon-box -->[\/vc_column_inner][vc_column_inner width=&#8221;1\/5&#8243;]<div class=\"porto-sicon-box  wpb_custom_6bd3ea43243bb56571d580d187f8d1d7 style_1 top-icon\"><div class=\"porto-sicon-top\"><div class=\"porto-just-icon-wrapper porto-sicon-img  porto-icon-9f5d1cfb45d27d96b50bf473aebba227\" style=\"font-size: 48px;\"><img loading=\"lazy\" decoding=\"async\" class=\"img-icon\" alt=\"\" src=\"https:\/\/www.wayel.it\/wp-content\/uploads\/2020\/12\/icona-motore.svg\" width=\"1\" height=\"1\" \/><\/div><\/div><div class=\"porto-sicon-header\"><h4 class=\"porto-sicon-title\" style=\"font-weight:600;font-size:20px;\">BOSCH motors<\/h4><p>BOSCH brushless direct drive motor, robust, reliable, efficient, integrated in the rear wheel; develops a rated power of 2000W for W2 and 4000W for W3.<\/p><\/div> <!-- header --><\/div><!-- porto-sicon-box -->[\/vc_column_inner][vc_column_inner width=&#8221;1\/5&#8243;]<div class=\"porto-sicon-box  wpb_custom_1efe903570d178ff0a9b7bfa5febd3a4 style_1 top-icon\"><div class=\"porto-sicon-top\"><div class=\"porto-just-icon-wrapper porto-sicon-img  porto-icon-9f5d1cfb45d27d96b50bf473aebba227\" style=\"font-size: 48px;\"><img loading=\"lazy\" decoding=\"async\" class=\"img-icon\" alt=\"\" src=\"https:\/\/www.wayel.it\/wp-content\/uploads\/2020\/12\/icona-display-lcd.svg\" width=\"1\" height=\"1\" \/><\/div><\/div><div class=\"porto-sicon-header\"><h4 class=\"porto-sicon-title\" style=\"font-weight:600;font-size:20px;\">LCD display<\/h4><p>Backlit LCD display to constantly monitor the necessary functions when you are on the move (battery and speed).<\/p><\/div> <!-- header --><\/div><!-- porto-sicon-box -->[\/vc_column_inner][vc_column_inner width=&#8221;1\/5&#8243;]<div class=\"porto-sicon-box  wpb_custom_1efe903570d178ff0a9b7bfa5febd3a4 style_1 top-icon\"><div class=\"porto-sicon-top\"><div class=\"porto-just-icon-wrapper porto-sicon-img  porto-icon-9f5d1cfb45d27d96b50bf473aebba227\" style=\"font-size: 48px;\"><img loading=\"lazy\" decoding=\"async\" class=\"img-icon\" alt=\"\" src=\"https:\/\/www.wayel.it\/wp-content\/uploads\/2020\/12\/icona-batteria-1.svg\" width=\"1\" height=\"1\" \/><\/div><\/div><div class=\"porto-sicon-header\"><h4 class=\"porto-sicon-title\" style=\"font-weight:600;font-size:20px;\">Batteries<\/h4><p>The batteries are Lithium Ion with LG and Samsung cells, ensuring excellent performance.<\/p><\/div> <!-- header --><\/div><!-- porto-sicon-box -->[\/vc_column_inner][\/vc_row_inner][\/vc_column][\/vc_row][vc_row full_width=&#8221;stretch_row_content&#8221; gap=&#8221;20&#8243; rtl_reverse=&#8221;yes&#8221; content_placement=&#8221;middle&#8221; disable_element=&#8221;yes&#8221; is_section=&#8221;yes&#8221; remove_margin_top=&#8221;yes&#8221; remove_border=&#8221;yes&#8221; css=&#8221;.vc_custom_1610008384767{margin-top: 30px !important;padding-top: 50px !important;padding-bottom: 50px !important;background-color: #eeeeee !important;background-position: center !important;background-repeat: no-repeat !important;background-size: cover !important;}&#8221; el_class=&#8221;section-bg-slider nopadding-sx pagina-categoria sezione reverse-wrap&#8221;][vc_column width=&#8221;5\/12&#8243; css=&#8221;.vc_custom_1608646008147{margin-top: 0px !important;margin-right: 0px !important;margin-bottom: 0px !important;margin-left: 0px !important;padding-top: 0px !important;padding-right: 0px !important;padding-bottom: 0px !important;padding-left: 0px !important;background-image: url(https:\/\/www.wayel.it\/wp-content\/uploads\/2020\/12\/bg-made-in-italy.jpg?id=4598) !important;background-position: center !important;background-repeat: no-repeat !important;background-size: contain !important;}&#8221; el_class=&#8221;bg-slider bg-left bg-top immagine&#8221;][vc_single_image image=&#8221;6109&#8243; img_size=&#8221;full&#8221;][\/vc_column][vc_column width=&#8221;7\/12&#8243; css=&#8221;.vc_custom_1608041556773{background-position: center !important;background-repeat: no-repeat !important;background-size: contain !important;}&#8221; el_class=&#8221;testo&#8221;][vc_row_inner animation_type=&#8221;fadeInUp&#8221; el_class=&#8221;padding-strech&#8221;][vc_column_inner][vc_custom_heading text=&#8221;Passione, competenza e innovazione nella fabbrica a zero emissioni&#8221; font_container=&#8221;tag:h1|text_align:left&#8221; use_theme_fonts=&#8221;yes&#8221;][vc_column_text]<strong>WAYEL \u00e8 un marchio FIVE &#8211; Fabbrica Italiana Veicoli Elettrici &#8211; il Gruppo italiano diventato, in pochi anni, il punto di riferimento per la mobilit\u00e0 elettrica e sostenibile.<\/strong><\/p>\n<p>Nata con l&#8217;intento di rilocalizzare dalla Cina all&#8217;Italia la produzione di bici e ciclomotori elettrici, la fabbrica FIVE rappresenta il primo progetto in grado di coniugare efficienza energetica, produzione industriale e sostenibilit\u00e0 ambientale secondo i principi della logica ZEB (Zero Energy Building).<\/p>\n<p>La sede di FIVE si trova nel cuore industriale di Bologna, si estende per complessivi 7.100 mq edificati, con un&#8217;area di circa 700 mq dedicata ai giardini.<\/p>\n<p>FIVE produce le bici elettriche made in Italy Wayel e Italwin, distribuisce in Italia il monopattino elettrico uGO e le minicar elettriche M1 e M2 a marchio Today Sunshine. Con i suoi veicoli elettrici, FIVE contribuisce a sostenere il futuro di una mobilit\u00e0 innovativa, economica e green.[\/vc_column_text][\/vc_column_inner][\/vc_row_inner][\/vc_column][\/vc_row][vc_row gap=&#8221;35&#8243; equal_height=&#8221;yes&#8221; disable_element=&#8221;yes&#8221; el_class=&#8221;columnsgap-xl padding-strech pagina-categoria sezione&#8221;][vc_column width=&#8221;2\/3&#8243; el_class=&#8221;testo&#8221;][vc_custom_heading text=&#8221;Gli scooter elettrici Wayel raddoppiano l\u2019autonomia di percorrenza&#8221; font_container=&#8221;tag:h1|text_align:left&#8221; use_theme_fonts=&#8221;yes&#8221;][vc_column_text]<\/p>\n<p class=\"p1\">Come? WAYEL ha equipaggiato i suoi scooter elettrici di una doppia batteria. W1 e W2 possono ospitare una seconda batteria (opzionale) che, inserita all\u2019interno del vano sottosella, ti offre l\u2019opportunit\u00e0 di raddoppiare l\u2019autonomia del tuo scooter elettrico.<\/p>\n<p class=\"p1\"><strong>Pratica e facile da gestire, scegli come ti \u00e8 pi\u00f9 comodo fare la ricarica. Le batterie sono estraibili e ricaricabili da una presa di corrente domestica, utilizzando il carica batteria in dotazione.<\/strong><\/p>\n<p>[\/vc_column_text][\/vc_column][vc_column width=&#8221;1\/3&#8243; el_class=&#8221;immagine centro&#8221;][vc_single_image image=&#8221;6162&#8243; img_size=&#8221;full&#8221;][\/vc_column][\/vc_row][vc_row gap=&#8221;35&#8243; equal_height=&#8221;yes&#8221; content_placement=&#8221;top&#8221; disable_element=&#8221;yes&#8221; el_class=&#8221;columnsgap-xl padding-strech 3-sezioni pagina-categoria&#8221; css=&#8221;.vc_custom_1610008403720{padding-top: 50px !important;padding-bottom: 50px !important;}&#8221;][vc_column width=&#8221;1\/3&#8243;]<div class=\"porto-sicon-box  wpb_custom_1efe903570d178ff0a9b7bfa5febd3a4 style_1 default-icon\"><div class=\"porto-sicon-header\"><h4 class=\"porto-sicon-title\" style=\"font-weight:600;font-size:20px;\">Ricarica<\/h4><p>Ci sono due modi per ricaricare le batterie: attaccare il caricatore a una presa domestica da 220V del vostro box, oppure togliere in un attimo uno o entrambi i pacchi batterie, portarli a casa e metterli sotto carica.<\/p><\/div> <!-- header --><\/div><!-- porto-sicon-box -->[\/vc_column][vc_column width=&#8221;1\/3&#8243;]<div class=\"porto-sicon-box  wpb_custom_1efe903570d178ff0a9b7bfa5febd3a4 style_1 default-icon\"><div class=\"porto-sicon-header\"><h4 class=\"porto-sicon-title\" style=\"font-weight:600;font-size:20px;\">Autonomia<\/h4><p>Lo scooter funziona tranquillamente con una sola batteria, se ad esempio, dovete percorrere circa 50 km all\u2019interno di un circuito urbano per recarvi da casa all\u2019ufficio e ritorno, sar\u00e0 sufficiente un solo pacco batterie. Potrete cos\u00ec lasciare la seconda batteria in carica a casa e spostarvi con un mezzo pi\u00f9 leggero e, in tal caso, ridurre il dispendio energetico.<\/p><\/div> <!-- header --><\/div><!-- porto-sicon-box -->[\/vc_column][vc_column width=&#8221;1\/3&#8243;]<div class=\"porto-sicon-box  wpb_custom_1efe903570d178ff0a9b7bfa5febd3a4 style_1 default-icon\"><div class=\"porto-sicon-header\"><h4 class=\"porto-sicon-title\" style=\"font-weight:600;font-size:20px;\">Batterie<\/h4><p>Le batterie sono agli Ioni di Litio con celle LG e Samsung, a garanzia di ottime prestazioni. Il pacco batterie \u00e8 posizionato al centro dello scooter all'altezza delle ruote, in modo da rendere maneggevole e soprattutto sicura la guida.<\/p><\/div> <!-- header --><\/div><!-- porto-sicon-box -->[\/vc_column][\/vc_row]<\/p>\n<\/div>","protected":false},"excerpt":{"rendered":"<p>[vc_row full_width=&#8221;stretch_row_content&#8221; gap=&#8221;35&#8243; full_height=&#8221;yes&#8221; columns_placement=&#8221;bottom&#8221; el_class=&#8221;header-prodotto ottanta&#8221; css=&#8221;.vc_custom_1610028692374{padding-right: 35px !important;padding-left: 35px !important;background-image: url(https:\/\/www.wayel.it\/wp-content\/uploads\/2020\/12\/e-scooter-header-1.jpg?id=4976) !important;background-position: center !important;background-repeat: no-repeat !important;background-size: cover !important;}&#8221;][vc_column][vc_row_inner content_placement=&#8221;bottom&#8221;][vc_column_inner el_class=&#8221;container-nome-png&#8221;][vc_column_text] E-scooter [\/vc_column_text][\/vc_column_inner][\/vc_row_inner][\/vc_column][\/vc_row][vc_row gap=&#8221;35&#8243; equal_height=&#8221;yes&#8221; el_class=&#8221;columnsgap-xl padding-strech pagina-categoria intro sezione nopadding-mobile&#8221;][vc_column][vc_custom_heading text=&#8221;An electrifying future&#8221; font_container=&#8221;tag:h1|text_align:left|color:%238dc63f&#8221; use_theme_fonts=&#8221;yes&#8221;][vc_row_inner content_placement=&#8221;middle&#8221;][vc_column_inner el_class=&#8221;testo&#8221; width=&#8221;2\/3&#8243;][vc_column_text css=&#8221;&#8221; css_params=&#8221;&#8221;]Urban mobility is changing. The world of two wheels is finally ready for the [&hellip;]<\/p>\n","protected":false},"author":1,"featured_media":0,"parent":0,"menu_order":0,"comment_status":"closed","ping_status":"closed","template":"","meta":{"inline_featured_image":false,"footnotes":""},"class_list":["post-5829","page","type-page","status-publish","hentry"],"yoast_head":"<!-- This site is optimized with the Yoast SEO plugin v27.4 - https:\/\/yoast.com\/product\/yoast-seo-wordpress\/ -->\n<title>e-scooter - Wayel<\/title>\n<meta name=\"description\" content=\"The e-scooter with a fresh and contemporary lookTo travel the city with a zero-emission, agile and silent vehicle.\" \/>\n<meta name=\"robots\" content=\"index, follow, max-snippet:-1, max-image-preview:large, max-video-preview:-1\" \/>\n<link rel=\"canonical\" href=\"https:\/\/www.wayel.it\/es\/e-scooter\/\" \/>\n<meta property=\"og:locale\" content=\"en_US\" \/>\n<meta property=\"og:type\" content=\"article\" \/>\n<meta property=\"og:title\" content=\"e-scooter - Wayel\" \/>\n<meta property=\"og:description\" content=\"The e-scooter with a fresh and contemporary lookTo travel the city with a zero-emission, agile and silent vehicle.\" \/>\n<meta property=\"og:url\" content=\"https:\/\/www.wayel.it\/es\/e-scooter\/\" \/>\n<meta property=\"og:site_name\" content=\"Bici Elettriche - Bicicletta Elettrica - Pedalata Assistita Wayel\" \/>\n<meta property=\"article:modified_time\" content=\"2026-02-20T14:07:22+00:00\" \/>\n<meta name=\"twitter:card\" content=\"summary_large_image\" \/>\n<meta name=\"twitter:label1\" content=\"Est. reading time\" \/>\n\t<meta name=\"twitter:data1\" content=\"7 minutes\" \/>\n<script type=\"application\/ld+json\" class=\"yoast-schema-graph\">{\"@context\":\"https:\\\/\\\/schema.org\",\"@graph\":[{\"@type\":\"WebPage\",\"@id\":\"https:\\\/\\\/www.wayel.it\\\/es\\\/e-scooter\\\/\",\"url\":\"https:\\\/\\\/www.wayel.it\\\/es\\\/e-scooter\\\/\",\"name\":\"e-scooter - Wayel\",\"isPartOf\":{\"@id\":\"https:\\\/\\\/www.wayel.it\\\/#website\"},\"datePublished\":\"2020-12-14T13:53:44+00:00\",\"dateModified\":\"2026-02-20T14:07:22+00:00\",\"description\":\"The e-scooter with a fresh and contemporary lookTo travel the city with a zero-emission, agile and silent vehicle.\",\"breadcrumb\":{\"@id\":\"https:\\\/\\\/www.wayel.it\\\/es\\\/e-scooter\\\/#breadcrumb\"},\"inLanguage\":\"en-US\",\"potentialAction\":[{\"@type\":\"ReadAction\",\"target\":[\"https:\\\/\\\/www.wayel.it\\\/es\\\/e-scooter\\\/\"]}]},{\"@type\":\"BreadcrumbList\",\"@id\":\"https:\\\/\\\/www.wayel.it\\\/es\\\/e-scooter\\\/#breadcrumb\",\"itemListElement\":[{\"@type\":\"ListItem\",\"position\":1,\"name\":\"Home\",\"item\":\"https:\\\/\\\/www.wayel.it\\\/\"},{\"@type\":\"ListItem\",\"position\":2,\"name\":\"E-scooter\"}]},{\"@type\":\"WebSite\",\"@id\":\"https:\\\/\\\/www.wayel.it\\\/#website\",\"url\":\"https:\\\/\\\/www.wayel.it\\\/\",\"name\":\"Bici Elettriche - Bicicletta Elettrica - Pedalata Assistita Wayel\",\"description\":\"\",\"potentialAction\":[{\"@type\":\"SearchAction\",\"target\":{\"@type\":\"EntryPoint\",\"urlTemplate\":\"https:\\\/\\\/www.wayel.it\\\/?s={search_term_string}\"},\"query-input\":{\"@type\":\"PropertyValueSpecification\",\"valueRequired\":true,\"valueName\":\"search_term_string\"}}],\"inLanguage\":\"en-US\"}]}<\/script>\n<!-- \/ Yoast SEO plugin. -->","yoast_head_json":{"title":"e-scooter - Wayel","description":"The e-scooter with a fresh and contemporary lookTo travel the city with a zero-emission, agile and silent vehicle.","robots":{"index":"index","follow":"follow","max-snippet":"max-snippet:-1","max-image-preview":"max-image-preview:large","max-video-preview":"max-video-preview:-1"},"canonical":"https:\/\/www.wayel.it\/es\/e-scooter\/","og_locale":"en_US","og_type":"article","og_title":"e-scooter - Wayel","og_description":"The e-scooter with a fresh and contemporary lookTo travel the city with a zero-emission, agile and silent vehicle.","og_url":"https:\/\/www.wayel.it\/es\/e-scooter\/","og_site_name":"Bici Elettriche - Bicicletta Elettrica - Pedalata Assistita Wayel","article_modified_time":"2026-02-20T14:07:22+00:00","twitter_card":"summary_large_image","twitter_misc":{"Est. reading time":"7 minutes"},"schema":{"@context":"https:\/\/schema.org","@graph":[{"@type":"WebPage","@id":"https:\/\/www.wayel.it\/es\/e-scooter\/","url":"https:\/\/www.wayel.it\/es\/e-scooter\/","name":"e-scooter - Wayel","isPartOf":{"@id":"https:\/\/www.wayel.it\/#website"},"datePublished":"2020-12-14T13:53:44+00:00","dateModified":"2026-02-20T14:07:22+00:00","description":"The e-scooter with a fresh and contemporary lookTo travel the city with a zero-emission, agile and silent vehicle.","breadcrumb":{"@id":"https:\/\/www.wayel.it\/es\/e-scooter\/#breadcrumb"},"inLanguage":"en-US","potentialAction":[{"@type":"ReadAction","target":["https:\/\/www.wayel.it\/es\/e-scooter\/"]}]},{"@type":"BreadcrumbList","@id":"https:\/\/www.wayel.it\/es\/e-scooter\/#breadcrumb","itemListElement":[{"@type":"ListItem","position":1,"name":"Home","item":"https:\/\/www.wayel.it\/"},{"@type":"ListItem","position":2,"name":"E-scooter"}]},{"@type":"WebSite","@id":"https:\/\/www.wayel.it\/#website","url":"https:\/\/www.wayel.it\/","name":"Bici Elettriche - Bicicletta Elettrica - Pedalata Assistita Wayel","description":"","potentialAction":[{"@type":"SearchAction","target":{"@type":"EntryPoint","urlTemplate":"https:\/\/www.wayel.it\/?s={search_term_string}"},"query-input":{"@type":"PropertyValueSpecification","valueRequired":true,"valueName":"search_term_string"}}],"inLanguage":"en-US"}]}},"_links":{"self":[{"href":"https:\/\/www.wayel.it\/en\/wp-json\/wp\/v2\/pages\/5829","targetHints":{"allow":["GET"]}}],"collection":[{"href":"https:\/\/www.wayel.it\/en\/wp-json\/wp\/v2\/pages"}],"about":[{"href":"https:\/\/www.wayel.it\/en\/wp-json\/wp\/v2\/types\/page"}],"author":[{"embeddable":true,"href":"https:\/\/www.wayel.it\/en\/wp-json\/wp\/v2\/users\/1"}],"replies":[{"embeddable":true,"href":"https:\/\/www.wayel.it\/en\/wp-json\/wp\/v2\/comments?post=5829"}],"version-history":[{"count":14,"href":"https:\/\/www.wayel.it\/en\/wp-json\/wp\/v2\/pages\/5829\/revisions"}],"predecessor-version":[{"id":37301,"href":"https:\/\/www.wayel.it\/en\/wp-json\/wp\/v2\/pages\/5829\/revisions\/37301"}],"wp:attachment":[{"href":"https:\/\/www.wayel.it\/en\/wp-json\/wp\/v2\/media?parent=5829"}],"curies":[{"name":"wp","href":"https:\/\/api.w.org\/{rel}","templated":true}]}}