{"id":5859,"date":"2020-12-04T12:10:56","date_gmt":"2020-12-04T12:10:56","guid":{"rendered":"https:\/\/demo.wayel.it\/assistenza\/"},"modified":"2021-02-10T08:39:53","modified_gmt":"2021-02-10T08:39:53","slug":"assistenza","status":"publish","type":"page","link":"https:\/\/www.wayel.it\/en\/assistenza\/","title":{"rendered":"Technical service"},"content":{"rendered":"<div class=\"wpb-content-wrapper\"><p>[vc_row full_width=&#8221;stretch_row_content&#8221; gap=&#8221;35&#8243; full_height=&#8221;yes&#8221; columns_placement=&#8221;bottom&#8221; el_class=&#8221;header-prodotto sessanta&#8221; css=&#8221;.vc_custom_1610028853969{padding-right: 35px !important;padding-left: 35px !important;background-image: url(https:\/\/www.wayel.it\/wp-content\/uploads\/2020\/12\/assistenza-header-large.jpg?id=4378) !important;background-position: center !important;background-repeat: no-repeat !important;background-size: cover !important;}&#8221;][vc_column][vc_row_inner][vc_column_inner el_class=&#8221;container-nome-png&#8221; width=&#8221;1\/2&#8243;][vc_column_text]<\/p>\n<h1>Technical service<\/h1>\n<p>[\/vc_column_text][\/vc_column_inner][vc_column_inner width=&#8221;1\/2&#8243;][\/vc_column_inner][\/vc_row_inner][\/vc_column][\/vc_row][vc_row full_width=&#8221;stretch_row_content&#8221; gap=&#8221;35&#8243; equal_height=&#8221;yes&#8221; el_class=&#8221;columnsgap-xl padding-strech colori-e-descrizione nopadding-mobile&#8221;][vc_column][vc_custom_heading text=&#8221;Welcome to the Wayel service area&#8221; font_container=&#8221;tag:h1|text_align:left|color:%238dc63f&#8221; use_theme_fonts=&#8221;yes&#8221;][vc_column_text]Customer service for electric bikes is extremely important to us. <strong>Quality<\/strong> and <strong>reliability<\/strong> of our brand are reflected in the <strong>efficient network<\/strong> of specialized dealers, located throughout the territory.\u00a0We have competent staff, able to ensure a qualified service to assist you in the purchase\u00a0and in the post-sale service. The dealer, in fact, continues to follow you even after the delivery of the vehicle, to make sure that everything is all right.<\/p>\n<p>In this way you will be able to enjoy the model you have bought for a long time and, thanks to continuous training, our specialized dealers will also be able to offer you the necessary <strong>technical assistance<\/strong> after the purchase and help you in the right choice of spare parts. <strong>Our dealers are at your side<\/strong> even after the delivery of the vehicle, assisting you in case of problems whether your vehicle is still under warranty, or whether it is out of warranty.<\/p>\n<p><strong>We remind you that, from our <a href=\"\/en\/area-download\/\">download area<\/a>, it is always possible to download the instruction and use manuals dedicated to bicycles, to the displays available in combination, to scooters and scooters.<\/strong>[\/vc_column_text][\/vc_column][\/vc_row][vc_row full_width=&#8221;stretch_row_content&#8221; el_class=&#8221;border-box text-white box-richiami padding-strech nopadding-mobile&#8221; css=&#8221;.vc_custom_1611844150745{background-color: #222529 !important;}&#8221;][vc_column width=&#8221;1\/2&#8243;]<div class=\"porto-sicon-box text-left  wpb_custom_1efe903570d178ff0a9b7bfa5febd3a4 style_3 top-icon\"><div class=\"porto-sicon-header\"><h4 class=\"porto-sicon-title\" style=\"\">Have you purchased one of our models?<\/h4><p>Contact the dealer who sold you the e-bike. Under warranty, you will be asked to show proof of purchase. You will be supported by the professional staff of our network until the problem is resolved.<\/p><\/div> <!-- header --><\/div><!-- porto-sicon-box -->[\/vc_column][vc_column width=&#8221;1\/2&#8243;]<div class=\"porto-sicon-box text-left  wpb_custom_1efe903570d178ff0a9b7bfa5febd3a4 style_3 top-icon\"><div class=\"porto-sicon-header\"><h4 class=\"porto-sicon-title\" style=\"\">Are you a dealer or service center?<\/h4><p>To get in touch with the FIVE staff download the FIVE app or access our portal; you can open a ticket, order spare parts, and access other services dedicated to you. If you are not yet registered, contact your sales representative.<\/p><\/div> <!-- header --><\/div><!-- porto-sicon-box -->[\/vc_column][\/vc_row][vc_row full_width=&#8221;stretch_row_content&#8221; gap=&#8221;35&#8243; content_placement=&#8221;middle&#8221; disable_element=&#8221;yes&#8221; is_section=&#8221;yes&#8221; remove_margin_top=&#8221;yes&#8221; remove_border=&#8221;yes&#8221; css=&#8221;.vc_custom_1611918986186{padding-top: 0px !important;padding-bottom: 0px !important;background-color: #ffffff !important;background-position: center !important;background-repeat: no-repeat !important;background-size: contain !important;}&#8221; el_class=&#8221;padding-strech nopadding-dx mobile-hide-bg nopadding-mobile&#8221;][vc_column width=&#8221;1\/2&#8243; css=&#8221;.vc_custom_1604487704991{padding-top: 50px !important;padding-bottom: 50px !important;}&#8221; el_class=&#8221;testo&#8221;][vc_empty_space height=&#8221;70px&#8221; el_class=&#8221;hide-mobile&#8221;][vc_custom_heading text=&#8221;FIVE Service&#8221; use_theme_fonts=&#8221;yes&#8221;][vc_column_text]<strong>un portale dove i rivenditori possono richiedere assistenza, scaricare i manuali, consultare il catalogo ricambi, e i privati possono acquistare servizi di estensione garanzia.<\/strong><\/p>\n<p>Il customer service \u00e8 a portata di mano con l&#8217;Assistenza Tecnica di FIVE. Attraverso il portale www.five-service.it, rivenditore e cliente hanno sempre a disposizione tutte le informazioni sulle e-bike direttamente online. Di seguito le caratteristiche principali del servizio.<\/p>\n<ul>\n<li><strong>RICHIESTA ASSISTENZA TECNICA<\/strong> (per rivenditori): per aprire un ticket di assistenza e seguirne l&#8217;avanzamento di stato (aperto, in gestione, chiuso). Ogni volta che lo stato della pratica viene aggiornato \u00e8 possibile ricevere una notifica sul proprio smartphone. Il ticket viene chiuso quando la richiesta \u00e8 risolta o quando il ricambio \u00e8 in spedizione (entro 24 ore). Saranno richieste fattura di vendita, prove effettuate, e sar\u00e0 possibile allegare foto e video della problematica riscontrata.<\/li>\n<li><strong>RICAMBISTICA<\/strong> (per rivenditori): per cercare un ricambio attraverso i filtri categoria, codice o modello di e-bike. Nell&#8217;elenco dei pezzi compatibili si visualizza il prezzo riservato al rivenditore e il prezzo di vendita consigliato.<\/li>\n<li><strong>MANUALISTICA<\/strong> (per rivenditori): tutti i manuali delle e-bike e dei display sono sempre disponibili per il download su computer e smartphone.<\/li>\n<li><strong>VIDEO<\/strong>: tutorial con le istruzioni di montaggio dei ricambi.<\/li>\n<li><strong>ESTENSIONE GARANZIA<\/strong> (per privati in Italia): dal portale \u00e8 possibile acquistare servizi di estensione della garanzia.<\/li>\n<\/ul>\n<p>[\/vc_column_text][vc_row_inner][vc_column_inner width=&#8221;1\/2&#8243;][vc_btn title=&#8221;Vai al portale&#8221; style=&#8221;custom&#8221; custom_background=&#8221;#8dc63f&#8221; custom_text=&#8221;#ffffff&#8221; shape=&#8221;square&#8221; size=&#8221;lg&#8221; align=&#8221;center&#8221; button_block=&#8221;true&#8221; link=&#8221;url:http%3A%2F%2Ffive-service.it%2F|target:_blank|rel:nofollow&#8221; el_class=&#8221;bottone-verde&#8221;][\/vc_column_inner][vc_column_inner width=&#8221;1\/2&#8243;][\/vc_column_inner][\/vc_row_inner][\/vc_column][vc_column width=&#8221;1\/2&#8243; css=&#8221;.vc_custom_1608546502794{margin-top: 0px !important;margin-right: 0px !important;margin-bottom: 0px !important;margin-left: 0px !important;padding-top: 0px !important;padding-right: 0px !important;padding-bottom: 0px !important;padding-left: 0px !important;background-image: url(https:\/\/www.wayel.it\/wp-content\/uploads\/2020\/12\/FIVE-service-mac-con-macchia.jpg?id=4432) !important;background-position: center !important;background-repeat: no-repeat !important;background-size: contain !important;}&#8221; el_class=&#8221;bg-slider bg-right bg-center&#8221;][vc_single_image image=&#8221;4432&#8243; img_size=&#8221;full&#8221; el_class=&#8221;desktop-hide-img&#8221;][\/vc_column][\/vc_row][vc_row full_width=&#8221;stretch_row&#8221; gap=&#8221;35&#8243; content_placement=&#8221;bottom&#8221; remove_margin_bottom=&#8221;yes&#8221; css=&#8221;.vc_custom_1611844144846{margin-bottom: 0px !important;padding-bottom: 0px !important;}&#8221; el_class=&#8221;padding-strech app-box nopadding-mobile&#8221;][vc_column width=&#8221;5\/12&#8243; offset=&#8221;vc_hidden-xs&#8221; el_class=&#8221;foto-app&#8221; css=&#8221;.vc_custom_1607591817218{padding-bottom: 0px !important;}&#8221;][vc_single_image image=&#8221;4383&#8243; img_size=&#8221;full&#8221; alignment=&#8221;center&#8221; css_animation=&#8221;slideInRight&#8221; el_class=&#8221;custom-product-image-pos-3&#8243; css=&#8221;.vc_custom_1607091740659{margin-top: 0px !important;margin-bottom: 0px !important;padding-top: 0px !important;padding-bottom: 0px !important;}&#8221;][\/vc_column][vc_column width=&#8221;7\/12&#8243;][vc_custom_heading text=&#8221;App FIVE&#8221; use_theme_fonts=&#8221;yes&#8221;][vc_column_text]<strong>An app to request assistance, download manuals, and look up the dealers\u2019 spare parts catalog.<\/strong><\/p>\n<p>Customer service is at your fingertips with the FIVE Technical Assistance app. With a smartphone or a computer, the retailer always has all the information on products availability, directly online both when he is in his shop and outdoor. Here you can download the app for Android and IOS.[\/vc_column_text][vc_row_inner content_placement=&#8221;middle&#8221;][vc_column_inner el_class=&#8221;download-button&#8221; width=&#8221;1\/4&#8243;][vc_single_image image=&#8221;4227&#8243; img_size=&#8221;&#8221; alignment=&#8221;center&#8221; onclick=&#8221;custom_link&#8221; img_link_target=&#8221;_blank&#8221; link=&#8221;https:\/\/apps.apple.com\/it\/app\/five-assistenza-tecnica\/id1452049121&#8243; css=&#8221;.vc_custom_1607089173248{margin-bottom: 0px !important;}&#8221;][\/vc_column_inner][vc_column_inner el_class=&#8221;download-button&#8221; width=&#8221;1\/4&#8243;][vc_single_image image=&#8221;4226&#8243; img_size=&#8221;&#8221; alignment=&#8221;center&#8221; onclick=&#8221;custom_link&#8221; img_link_target=&#8221;_blank&#8221; link=&#8221;https:\/\/apps.apple.com\/it\/app\/five-assistenza-tecnica\/id1452049121&#8243; css=&#8221;.vc_custom_1607089198258{margin-bottom: 0px !important;}&#8221;][\/vc_column_inner][vc_column_inner width=&#8221;1\/4&#8243;][\/vc_column_inner][vc_column_inner width=&#8221;1\/4&#8243;][\/vc_column_inner][\/vc_row_inner][vc_empty_space height=&#8221;70px&#8221;][\/vc_column][\/vc_row]<\/p>\n<\/div>","protected":false},"excerpt":{"rendered":"<p>[vc_row full_width=&#8221;stretch_row_content&#8221; gap=&#8221;35&#8243; full_height=&#8221;yes&#8221; columns_placement=&#8221;bottom&#8221; el_class=&#8221;header-prodotto sessanta&#8221; css=&#8221;.vc_custom_1610028853969{padding-right: 35px !important;padding-left: 35px !important;background-image: url(https:\/\/www.wayel.it\/wp-content\/uploads\/2020\/12\/assistenza-header-large.jpg?id=4378) !important;background-position: center !important;background-repeat: no-repeat !important;background-size: cover !important;}&#8221;][vc_column][vc_row_inner][vc_column_inner el_class=&#8221;container-nome-png&#8221; width=&#8221;1\/2&#8243;][vc_column_text] Technical service [\/vc_column_text][\/vc_column_inner][vc_column_inner width=&#8221;1\/2&#8243;][\/vc_column_inner][\/vc_row_inner][\/vc_column][\/vc_row][vc_row full_width=&#8221;stretch_row_content&#8221; gap=&#8221;35&#8243; equal_height=&#8221;yes&#8221; el_class=&#8221;columnsgap-xl padding-strech colori-e-descrizione nopadding-mobile&#8221;][vc_column][vc_custom_heading text=&#8221;Welcome to the Wayel service area&#8221; font_container=&#8221;tag:h1|text_align:left|color:%238dc63f&#8221; use_theme_fonts=&#8221;yes&#8221;][vc_column_text]Customer service for electric bikes is extremely important to us. Quality and reliability of our [&hellip;]<\/p>\n","protected":false},"author":1,"featured_media":0,"parent":0,"menu_order":0,"comment_status":"closed","ping_status":"closed","template":"","meta":{"inline_featured_image":false,"footnotes":""},"class_list":["post-5859","page","type-page","status-publish","hentry"],"yoast_head":"<!-- This site is optimized with the Yoast SEO plugin v27.4 - https:\/\/yoast.com\/product\/yoast-seo-wordpress\/ -->\n<title>Technical support and assistance for customers and dealers<\/title>\n<meta name=\"description\" content=\"Wayel has a network of resellers for technical assistance, spare parts, optional. Dealers can have technical assisance with the FIVE app.\" \/>\n<meta name=\"robots\" content=\"index, follow, max-snippet:-1, max-image-preview:large, max-video-preview:-1\" \/>\n<link rel=\"canonical\" href=\"https:\/\/www.wayel.it\/en\/assistenza\/\" \/>\n<meta property=\"og:locale\" content=\"en_US\" \/>\n<meta property=\"og:type\" content=\"article\" \/>\n<meta property=\"og:title\" content=\"Technical support and assistance for customers and dealers\" \/>\n<meta property=\"og:description\" content=\"Wayel has a network of resellers for technical assistance, spare parts, optional. Dealers can have technical assisance with the FIVE app.\" \/>\n<meta property=\"og:url\" content=\"https:\/\/www.wayel.it\/en\/assistenza\/\" \/>\n<meta property=\"og:site_name\" content=\"Bici Elettriche - Bicicletta Elettrica - Pedalata Assistita Wayel\" \/>\n<meta property=\"article:modified_time\" content=\"2021-02-10T08:39:53+00:00\" \/>\n<meta name=\"twitter:card\" content=\"summary_large_image\" \/>\n<meta name=\"twitter:label1\" content=\"Est. reading time\" \/>\n\t<meta name=\"twitter:data1\" content=\"6 minutes\" \/>\n<script type=\"application\/ld+json\" class=\"yoast-schema-graph\">{\"@context\":\"https:\\\/\\\/schema.org\",\"@graph\":[{\"@type\":\"WebPage\",\"@id\":\"https:\\\/\\\/www.wayel.it\\\/en\\\/assistenza\\\/\",\"url\":\"https:\\\/\\\/www.wayel.it\\\/en\\\/assistenza\\\/\",\"name\":\"Technical support and assistance for customers and dealers\",\"isPartOf\":{\"@id\":\"https:\\\/\\\/www.wayel.it\\\/#website\"},\"datePublished\":\"2020-12-04T12:10:56+00:00\",\"dateModified\":\"2021-02-10T08:39:53+00:00\",\"description\":\"Wayel has a network of resellers for technical assistance, spare parts, optional. Dealers can have technical assisance with the FIVE app.\",\"breadcrumb\":{\"@id\":\"https:\\\/\\\/www.wayel.it\\\/en\\\/assistenza\\\/#breadcrumb\"},\"inLanguage\":\"en-US\",\"potentialAction\":[{\"@type\":\"ReadAction\",\"target\":[\"https:\\\/\\\/www.wayel.it\\\/en\\\/assistenza\\\/\"]}]},{\"@type\":\"BreadcrumbList\",\"@id\":\"https:\\\/\\\/www.wayel.it\\\/en\\\/assistenza\\\/#breadcrumb\",\"itemListElement\":[{\"@type\":\"ListItem\",\"position\":1,\"name\":\"Home\",\"item\":\"https:\\\/\\\/www.wayel.it\\\/\"},{\"@type\":\"ListItem\",\"position\":2,\"name\":\"Technical service\"}]},{\"@type\":\"WebSite\",\"@id\":\"https:\\\/\\\/www.wayel.it\\\/#website\",\"url\":\"https:\\\/\\\/www.wayel.it\\\/\",\"name\":\"Bici Elettriche - Bicicletta Elettrica - Pedalata Assistita Wayel\",\"description\":\"\",\"potentialAction\":[{\"@type\":\"SearchAction\",\"target\":{\"@type\":\"EntryPoint\",\"urlTemplate\":\"https:\\\/\\\/www.wayel.it\\\/?s={search_term_string}\"},\"query-input\":{\"@type\":\"PropertyValueSpecification\",\"valueRequired\":true,\"valueName\":\"search_term_string\"}}],\"inLanguage\":\"en-US\"}]}<\/script>\n<!-- \/ Yoast SEO plugin. -->","yoast_head_json":{"title":"Technical support and assistance for customers and dealers","description":"Wayel has a network of resellers for technical assistance, spare parts, optional. Dealers can have technical assisance with the FIVE app.","robots":{"index":"index","follow":"follow","max-snippet":"max-snippet:-1","max-image-preview":"max-image-preview:large","max-video-preview":"max-video-preview:-1"},"canonical":"https:\/\/www.wayel.it\/en\/assistenza\/","og_locale":"en_US","og_type":"article","og_title":"Technical support and assistance for customers and dealers","og_description":"Wayel has a network of resellers for technical assistance, spare parts, optional. Dealers can have technical assisance with the FIVE app.","og_url":"https:\/\/www.wayel.it\/en\/assistenza\/","og_site_name":"Bici Elettriche - Bicicletta Elettrica - Pedalata Assistita Wayel","article_modified_time":"2021-02-10T08:39:53+00:00","twitter_card":"summary_large_image","twitter_misc":{"Est. reading time":"6 minutes"},"schema":{"@context":"https:\/\/schema.org","@graph":[{"@type":"WebPage","@id":"https:\/\/www.wayel.it\/en\/assistenza\/","url":"https:\/\/www.wayel.it\/en\/assistenza\/","name":"Technical support and assistance for customers and dealers","isPartOf":{"@id":"https:\/\/www.wayel.it\/#website"},"datePublished":"2020-12-04T12:10:56+00:00","dateModified":"2021-02-10T08:39:53+00:00","description":"Wayel has a network of resellers for technical assistance, spare parts, optional. Dealers can have technical assisance with the FIVE app.","breadcrumb":{"@id":"https:\/\/www.wayel.it\/en\/assistenza\/#breadcrumb"},"inLanguage":"en-US","potentialAction":[{"@type":"ReadAction","target":["https:\/\/www.wayel.it\/en\/assistenza\/"]}]},{"@type":"BreadcrumbList","@id":"https:\/\/www.wayel.it\/en\/assistenza\/#breadcrumb","itemListElement":[{"@type":"ListItem","position":1,"name":"Home","item":"https:\/\/www.wayel.it\/"},{"@type":"ListItem","position":2,"name":"Technical service"}]},{"@type":"WebSite","@id":"https:\/\/www.wayel.it\/#website","url":"https:\/\/www.wayel.it\/","name":"Bici Elettriche - Bicicletta Elettrica - Pedalata Assistita Wayel","description":"","potentialAction":[{"@type":"SearchAction","target":{"@type":"EntryPoint","urlTemplate":"https:\/\/www.wayel.it\/?s={search_term_string}"},"query-input":{"@type":"PropertyValueSpecification","valueRequired":true,"valueName":"search_term_string"}}],"inLanguage":"en-US"}]}},"_links":{"self":[{"href":"https:\/\/www.wayel.it\/en\/wp-json\/wp\/v2\/pages\/5859","targetHints":{"allow":["GET"]}}],"collection":[{"href":"https:\/\/www.wayel.it\/en\/wp-json\/wp\/v2\/pages"}],"about":[{"href":"https:\/\/www.wayel.it\/en\/wp-json\/wp\/v2\/types\/page"}],"author":[{"embeddable":true,"href":"https:\/\/www.wayel.it\/en\/wp-json\/wp\/v2\/users\/1"}],"replies":[{"embeddable":true,"href":"https:\/\/www.wayel.it\/en\/wp-json\/wp\/v2\/comments?post=5859"}],"version-history":[{"count":4,"href":"https:\/\/www.wayel.it\/en\/wp-json\/wp\/v2\/pages\/5859\/revisions"}],"predecessor-version":[{"id":36358,"href":"https:\/\/www.wayel.it\/en\/wp-json\/wp\/v2\/pages\/5859\/revisions\/36358"}],"wp:attachment":[{"href":"https:\/\/www.wayel.it\/en\/wp-json\/wp\/v2\/media?parent=5859"}],"curies":[{"name":"wp","href":"https:\/\/api.w.org\/{rel}","templated":true}]}}