{"id":11808,"date":"2022-03-04T16:27:17","date_gmt":"2022-03-04T16:27:17","guid":{"rendered":"https:\/\/www.wayel.it\/?page_id=11808"},"modified":"2022-03-04T16:33:58","modified_gmt":"2022-03-04T16:33:58","slug":"contactos","status":"publish","type":"page","link":"https:\/\/www.wayel.it\/es\/contactos\/","title":{"rendered":"Contactos"},"content":{"rendered":"<div class=\"wpb-content-wrapper\"><p>[vc_row full_width=\u00bbstretch_row_content\u00bb gap=\u00bb35&#8243; full_height=\u00bbyes\u00bb columns_placement=\u00bbbottom\u00bb el_class=\u00bbheader-prodotto ottanta\u00bb css=\u00bb.vc_custom_1610029300386{padding-right: 35px !important;padding-left: 35px !important;background-image: url(https:\/\/www.wayel.it\/wp-content\/uploads\/2020\/12\/contatti-header-large.jpg?id=4833) !important;background-position: center !important;background-repeat: no-repeat !important;background-size: cover !important;}\u00bb][vc_column][vc_row_inner][vc_column_inner el_class=\u00bbcontainer-nome-png\u00bb width=\u00bb1\/2&#8243;][vc_column_text]<\/p>\n<h1>Contactos<\/h1>\n<p>[\/vc_column_text][\/vc_column_inner][vc_column_inner width=\u00bb1\/2&#8243;][\/vc_column_inner][\/vc_row_inner][\/vc_column][\/vc_row][vc_row gap=\u00bb35&#8243; css=\u00bb.vc_custom_1611834881036{margin-top: 10px !important;margin-bottom: 10px !important;}\u00bb][vc_column width=\u00bb1\/2&#8243; css=\u00bb.vc_custom_1608307872884{padding-right: 15px !important;}\u00bb][vc_custom_heading text=\u00bbFIVE S.r.l.\u00bb font_container=\u00bbtag:h1|text_align:left\u00bb use_theme_fonts=\u00bbyes\u00bb]<div class=\"porto-sicon-box  wpb_custom_1efe903570d178ff0a9b7bfa5febd3a4 style_1 left-icon\"><div class=\"porto-sicon-left\"><div class=\"porto-just-icon-wrapper porto-sicon-img  porto-icon-9f5d1cfb45d27d96b50bf473aebba227\" style=\"font-size: 48px;\"><img loading=\"lazy\" decoding=\"async\" class=\"img-icon\" alt=\"\" src=\"https:\/\/www.wayel.it\/wp-content\/uploads\/2020\/12\/icone-posizione-1.svg\" width=\"1\" height=\"1\" \/><\/div><\/div><div class=\"porto-sicon-body\"><div class=\"porto-sicon-header\"><h3 class=\"porto-sicon-title\" style=\"\">Domicilio social<\/h3><p>Via della Salute, 14 \u2013 40132 Bologna \u2013 Italia<\/p><\/div> <!-- header --><\/div><\/div><!-- porto-sicon-box --><div class=\"porto-sicon-box  wpb_custom_1efe903570d178ff0a9b7bfa5febd3a4 style_1 left-icon\"><div class=\"porto-sicon-left\"><div class=\"porto-just-icon-wrapper porto-sicon-img  porto-icon-9f5d1cfb45d27d96b50bf473aebba227\" style=\"font-size: 48px;\"><img loading=\"lazy\" decoding=\"async\" class=\"img-icon\" alt=\"\" src=\"https:\/\/www.wayel.it\/wp-content\/uploads\/2020\/12\/icone-posizione-1.svg\" width=\"1\" height=\"1\" \/><\/div><\/div><div class=\"porto-sicon-body\"><div class=\"porto-sicon-header\"><h3 class=\"porto-sicon-title\" style=\"\">Sede operativa<\/h3><p>Via Cerodolo, 4 \u2013 40138 Bologna \u2013 Italia<\/p><\/div> <!-- header --><\/div><\/div><!-- porto-sicon-box --><div class=\"porto-sicon-box  wpb_custom_1efe903570d178ff0a9b7bfa5febd3a4 style_1 left-icon\"><div class=\"porto-sicon-left\"><div class=\"porto-just-icon-wrapper porto-sicon-img  porto-icon-9f5d1cfb45d27d96b50bf473aebba227\" style=\"font-size: 48px;\"><img loading=\"lazy\" decoding=\"async\" class=\"img-icon\" alt=\"\" src=\"https:\/\/www.wayel.it\/wp-content\/uploads\/2020\/12\/icone-email.svg\" width=\"1\" height=\"1\" \/><\/div><\/div><div class=\"porto-sicon-body\"><div class=\"porto-sicon-header\"><h3 class=\"porto-sicon-title\" style=\"\">Email<\/h3><p>info@wayel.it<\/p><\/div> <!-- header --><\/div><\/div><!-- porto-sicon-box -->[vc_empty_space height=\u00bb25px\u00bb][vc_custom_heading text=\u00bb\u00bfNo encontraste lo que buscabas?\u00bb font_container=\u00bbtag:h3|text_align:left\u00bb use_theme_fonts=\u00bbyes\u00bb][vc_column_text]<span class=\"TextRun SCXW8670933 BCX0\" lang=\"IT-IT\" xml:lang=\"IT-IT\" data-contrast=\"auto\"><span class=\"NormalTextRun SCXW8670933 BCX0\">Si <\/span><span class=\"NormalTextRun SpellingErrorV2 SCXW8670933 BCX0\">necesitas<\/span> <span class=\"NormalTextRun SpellingErrorV2 SCXW8670933 BCX0\">m\u00e1s<\/span> <span class=\"NormalTextRun SpellingErrorV2 SCXW8670933 BCX0\">informaci\u00f3n<\/span> <span class=\"NormalTextRun SpellingErrorV2 SCXW8670933 BCX0\">sobre<\/span> <span class=\"NormalTextRun SpellingErrorV2 SCXW8670933 BCX0 DefaultHighlightTransition\">nuestras<\/span> <span class=\"NormalTextRun SpellingErrorV2 SCXW8670933 BCX0\">bicicletas<\/span> <span class=\"NormalTextRun SpellingErrorV2 SCXW8670933 BCX0\">el\u00e9ctricas<\/span><span class=\"NormalTextRun SCXW8670933 BCX0\"> y <\/span><span class=\"NormalTextRun SpellingErrorV2 SCXW8670933 BCX0\">todos<\/span> <span class=\"NormalTextRun SpellingErrorV2 SCXW8670933 BCX0\">nuestros<\/span> <span class=\"NormalTextRun SpellingErrorV2 SCXW8670933 BCX0\">productos<\/span><span class=\"NormalTextRun SCXW8670933 BCX0\">, <\/span><span class=\"NormalTextRun SpellingErrorV2 SCXW8670933 BCX0\">puedes<\/span> <span class=\"NormalTextRun SpellingErrorV2 SCXW8670933 BCX0\">rellenar<\/span> <span class=\"NormalTextRun SpellingErrorV2 SCXW8670933 BCX0\">el<\/span> <span class=\"NormalTextRun SpellingErrorV2 SCXW8670933 BCX0\">siguiente<\/span><span class=\"NormalTextRun SCXW8670933 BCX0\"> formulario, \u00a1<\/span><span class=\"NormalTextRun SpellingErrorV2 SCXW8670933 BCX0\">ser\u00e1s<\/span> <span class=\"NormalTextRun SpellingErrorV2 SCXW8670933 BCX0\">contactado<\/span><span class=\"NormalTextRun SCXW8670933 BCX0\"> lo <\/span><span class=\"NormalTextRun SpellingErrorV2 SCXW8670933 BCX0\">antes<\/span> <span class=\"NormalTextRun SpellingErrorV2 SCXW8670933 BCX0\">posible<\/span><span class=\"NormalTextRun SCXW8670933 BCX0\">!<\/span><\/span>[\/vc_column_text][\/vc_column][vc_column width=\u00bb1\/2&#8243; css=\u00bb.vc_custom_1608307566084{padding-top: 0px !important;padding-right: 0px !important;padding-bottom: 0px !important;padding-left: 0px !important;background-color: #eeeeee !important;}\u00bb el_class=\u00bboverflow-hidden\u00bb]\n<div class=\"wpcf7 no-js\" id=\"wpcf7-f11811-o1\" lang=\"en-US\" dir=\"ltr\" data-wpcf7-id=\"11811\">\n<div class=\"screen-reader-response\"><p role=\"status\" aria-live=\"polite\" aria-atomic=\"true\"><\/p> <ul><\/ul><\/div>\n<form action=\"\/es\/wp-json\/wp\/v2\/pages\/11808#wpcf7-f11811-o1\" method=\"post\" class=\"wpcf7-form init\" aria-label=\"Contact form\" novalidate=\"novalidate\" data-status=\"init\">\n<fieldset class=\"hidden-fields-container\"><input type=\"hidden\" name=\"_wpcf7\" value=\"11811\" \/><input type=\"hidden\" name=\"_wpcf7_version\" value=\"6.1.5\" \/><input type=\"hidden\" name=\"_wpcf7_locale\" value=\"en_US\" \/><input type=\"hidden\" name=\"_wpcf7_unit_tag\" value=\"wpcf7-f11811-o1\" \/><input type=\"hidden\" name=\"_wpcf7_container_post\" value=\"0\" \/><input type=\"hidden\" name=\"_wpcf7_posted_data_hash\" value=\"\" \/>\n<\/fieldset>\n<div class=\"row\">\n<div class=\"custom-contact-box contact-color-quaternary richiedi-preventivo grey-version\">\n  <div class=\"custom-contact-form-style-1\">\n<h2 class=\"title-form\">Cont\u00e1ctenos<\/h2>\n    <div class=\"row form-group nobordertop\">\n        <div class=\"col-lg-12 col-md-12\">\n          <span class=\"wpcf7-form-control-wrap\" data-name=\"your-name\"><input size=\"40\" maxlength=\"400\" class=\"wpcf7-form-control wpcf7-text wpcf7-validates-as-required\" aria-required=\"true\" aria-invalid=\"false\" placeholder=\"NOMBRE Y APELLIDO\" value=\"\" type=\"text\" name=\"your-name\" \/><\/span>\n        <\/div>\n        \n    <\/div>\n\t<div class=\"row form-group _divider\">\n\t<div class=\"col-lg-6 col-md-6\">\n          <span class=\"wpcf7-form-control-wrap\" data-name=\"comune\"><input size=\"40\" maxlength=\"400\" class=\"wpcf7-form-control wpcf7-text wpcf7-validates-as-required\" aria-required=\"true\" aria-invalid=\"false\" placeholder=\"COM\u00daN\" value=\"\" type=\"text\" name=\"comune\" \/><\/span>\n        <\/div>\n        <div class=\"col-lg-6 col-md-6\">\n          <span class=\"wpcf7-form-control-wrap\" data-name=\"your-cap\"><input size=\"40\" maxlength=\"400\" class=\"wpcf7-form-control wpcf7-text wpcf7-validates-as-required\" aria-required=\"true\" aria-invalid=\"false\" placeholder=\"C\u00d3DIGO POSTAL\" value=\"\" type=\"text\" name=\"your-cap\" \/><\/span>\n        <\/div>\n    <\/div>\n<div class=\"row form-group _divider\">\n<div class=\"col-lg-6 col-md-6\">\n          <span class=\"wpcf7-form-control-wrap\" data-name=\"your-email\"><input size=\"40\" maxlength=\"400\" class=\"wpcf7-form-control wpcf7-email wpcf7-validates-as-required wpcf7-text wpcf7-validates-as-email\" aria-required=\"true\" aria-invalid=\"false\" placeholder=\"EMAIL\" value=\"\" type=\"email\" name=\"your-email\" \/><\/span>\n        <\/div>\n        <div class=\"col-lg-6 col-md-6\">\n          <span class=\"wpcf7-form-control-wrap\" data-name=\"your-telefono\"><input size=\"40\" maxlength=\"400\" class=\"wpcf7-form-control wpcf7-text wpcf7-validates-as-required\" aria-required=\"true\" aria-invalid=\"false\" placeholder=\"TEL\u00c9FONO\" value=\"\" type=\"text\" name=\"your-telefono\" \/><\/span>\n        <\/div>\n    <\/div>\n    <div class=\"row form-group\">\n        <div class=\"col-lg-12 col-md-12\">\n          <span class=\"wpcf7-form-control-wrap\" data-name=\"your-messaggio\"><textarea cols=\"40\" rows=\"6\" maxlength=\"2000\" class=\"wpcf7-form-control wpcf7-textarea wpcf7-validates-as-required\" aria-required=\"true\" aria-invalid=\"false\" placeholder=\"MENSAJE\" name=\"your-messaggio\"><\/textarea><\/span>\n        <\/div>\n    <\/div>\n<div class=\"row form-group\">\n        <div class=\"col-lg-12\" style=\"margin:20px 0;\">\n<span class=\"wpcf7-form-control-wrap\" data-name=\"acceptance-281\"><span class=\"wpcf7-form-control wpcf7-acceptance\"><span class=\"wpcf7-list-item\"><label><input type=\"checkbox\" name=\"acceptance-281\" value=\"1\" aria-invalid=\"false\" \/><span class=\"wpcf7-list-item-label\">Declaro haber le\u00eddo y aceptado la<a href=\"\/privacy-policy-cookies\/\" target=\"_blanck\">informaci\u00f3n sobre el procesamiento de los datos personales.<\/a> e autorizzo il trattamento dei miei dati personali.<\/span><\/label><\/span><\/span><\/span>\n<strong>Tambi\u00e9n otorgo mi consentimiento para los siguientes fines:<\/strong> <p class=\"testo\">La realizaci\u00f3n por parte del Titular, a trav\u00e9s de correo electr\u00f3nico, SMS, correo postal o contacto telef\u00f3nico, de actividades comerciales, promocionales y publicitarias.<\/p>\n<span class=\"wpcf7-form-control-wrap\" data-name=\"consenso-a\"><span class=\"wpcf7-form-control wpcf7-checkbox wpcf7-validates-as-required wpcf7-exclusive-checkbox\"><span class=\"wpcf7-list-item first\"><input type=\"checkbox\" name=\"consenso-a\" value=\"S\u00ed\" \/><span class=\"wpcf7-list-item-label\">S\u00ed<\/span><\/span><span class=\"wpcf7-list-item last\"><input type=\"checkbox\" name=\"consenso-a\" value=\"No\" \/><span class=\"wpcf7-list-item-label\">No<\/span><\/span><\/span><\/span> <p class=\"testo\">La comunicaci\u00f3n de los datos a empresas externas que realizar\u00e1n actividades independientes comerciales, promocionales y publicitarias.<\/p>\n<span class=\"wpcf7-form-control-wrap\" data-name=\"consenso-b\"><span class=\"wpcf7-form-control wpcf7-checkbox wpcf7-validates-as-required wpcf7-exclusive-checkbox\"><span class=\"wpcf7-list-item first\"><input type=\"checkbox\" name=\"consenso-b\" value=\"S\u00ed\" \/><span class=\"wpcf7-list-item-label\">S\u00ed<\/span><\/span><span class=\"wpcf7-list-item last\"><input type=\"checkbox\" name=\"consenso-b\" value=\"No\" \/><span class=\"wpcf7-list-item-label\">No<\/span><\/span><\/span><\/span>\n        <\/div>\n    <\/div>\n    <div class=\"row\">\n      <div class=\"col-lg-12\">\n<div class=\"cf7-cf-turnstile\" style=\"margin-top: 0px; margin-bottom: -15px;\"> <div id=\"cf-turnstile-cf7-1456450719\" class=\"cf-turnstile\" data-sitekey=\"0x4AAAAAAC92Bgf83MtpuazI\" data-theme=\"light\" data-language=\"auto\" data-size=\"normal\" data-retry=\"auto\" data-retry-interval=\"1000\" data-refresh-expired=\"auto\" data-refresh-timeout=\"auto\" data-action=\"contact-form-7\" data-callback=\"turnstileCF7Callback\" data-appearance=\"always\"><\/div> <script>document.addEventListener(\"DOMContentLoaded\", function() { setTimeout(function(){ var e=document.getElementById(\"cf-turnstile-cf7-1456450719\"); if(e&&!e.innerHTML.trim()){turnstile.render(e, {sitekey:\"0x4AAAAAAC92Bgf83MtpuazI\"});} }, 200); });<\/script> <br class=\"cf-turnstile-br cf-turnstile-br-cf7-1456450719\"> <style>#cf-turnstile-cf7-1456450719 { margin-left: -15px; }<\/style> <script>document.addEventListener(\"DOMContentLoaded\",function(){document.querySelectorAll('.wpcf7-form').forEach(function(e){e.addEventListener('submit',function(){if(document.getElementById('cf-turnstile-cf7-1456450719')){setTimeout(function(){turnstile.reset('#cf-turnstile-cf7-1456450719');},1000)}})})});<\/script> <\/div>\n        <input class=\"wpcf7-form-control wpcf7-submit has-spinner custom-btn-style-2\" type=\"submit\" value=\"ENVIAR\" \/>\n      <\/div>\n    <\/div>\n  <\/div>\n<\/div>\n<\/div>\n<style>\n@media (max-width:767px){\n\t.custom-contact-form-style-1 .form-group._divider > div:nth-child(1):after {\n\t   width: calc(100% + 69px);\n\t\ttop: auto !important;\n\t\tborder-bottom: 1px solid #333;\n\t\tborder-right: 0px !important;\n\t\tbottom: 0px;\n\t\theight: 0px !important;\n\tleft:50%;\n\t-webkit-transform: translateX(-50%);\n\t\t-moz-transform: translateX(-50%);\n\t\t-ms-transform: translateX(-50%);\n\t\t-o-transform: translateX(-50%);\n\t\ttransform: translateX(-50%);\n\t}\n\t.custom-contact-box {\n\t\theight: initial !important;\n\t\tmargin-top: 0 !important;\n\t}\n\t}\n\t.contact-color-quaternary {\n\t\tpadding: 0px 50px;\n\t}\n\t.text-color-light {\n\t\tcolor: #fff !important;\n\t}\n\t.custom-contact-box h2 {\n\t\tposition: relative;\n\t\tmargin-bottom: 25px;\n\t}\n\t.mb-lg {\n\t\tmargin-bottom: 20px !important;\n\t}\n\t.custom-contact-box .feature-box .feature-box-info h6 {\n\t\tcolor: #eee;\n\t}\n\t.mb-none {\n\t\tmargin-bottom: 0px !important;\n\t}\n\t.mb-xlg {\n\t\tmargin-bottom: 30px !important;\n\t}\n\t.form-group._divider {\n\t\tposition: relative;\n\t\tmargin-bottom: 0px !important;\n\t}\n\t.form-group {\n\t\tmargin-bottom: 0px !important;\n\t}\n\t.custom-contact-form-style-1 .form-group {\n\t\tposition: relative;\n\t}\n\t.custom-contact-form-style-1 .form-group:before {\n\t\tcontent: \"\";\n\t\tdisplay: block;\n\t\tposition: absolute;\n\t\tleft: 50%;\n\t\ttop: 0px;\n\t\twidth: calc(100% + 69px);\n\t\tborder-top: 1px solid #333;\n\t\ttransform: translateX(-50%);\n\t}\n.custom-contact-form-style-1 .form-group.nobordertop:before {\n\t\tcontent: \"\";\n\t\tdisplay: none!important;\n\t}\n\t.custom-contact-form-style-1 .form-group._divider > div:first-child:after {\n\t\tcontent: \"\";\n\t\tdisplay: block;\n\t\tposition: absolute;\n\t\tright: 0;\n\t\ttop:0px;\n\t\theight: 100%;\n\t\tborder-right: 1px solid #444;\n\t}\n\t.wpcf7-form-control.wpcf7-text.wpcf7-validates-as-required,\n\t.wpcf7-form-control.wpcf7-number.wpcf7-validates-as-required,\n\t.wpcf7-form-control.wpcf7-select.wpcf7-validates-as-required{\n\t\tbackground: transparent;\n\t\tborder: none;\n\t\tbox-shadow: none;\n\t\tcolor: #111;\n\t\tresize: none;\n\t\theight: 50px;\n\t\twidth: 100%;\n\t\tpadding: 0;\n\t\tletter-spacing: 2px;\n\t}\n\t.wpcf7-form-control.wpcf7-select.wpcf7-validates-as-required option{\n\t\tcolor: black!important;\n\t}\n\t.custom-contact-form-style-1 .form-group._divider > div:nth-child(1):after {\n\t\tcontent: \"\";\n\t\tdisplay: block;\n\t\tposition: absolute;\n\t\tright: 0;\n\t\ttop:0px;\n\t\theight: 100%;\n\t\tborder-right: 1px solid #333;\n\t}\n\t.wpcf7-form-control.wpcf7-textarea.wpcf7-validates-as-required {\n\t\tbackground: transparent;\n\t\tborder: none;\n\t\tbox-shadow: none;\n\t\tpadding: 25px 0;\n\t\tcolor: #111;\n\t\tresize: none;\n\t\theight: 100px;\n\t\twidth: 100%;\n\t\tletter-spacing: 2px;\n\t}\n\t.wpcf7-form-control.wpcf7-submit.custom-btn-style-2 {\n\t\/*\tfloat: right !important; *\/\n\t\tmargin-right: -35px;\n\t\tborder-radius: 0px;\n\t\tmargin-top: 12px;\n\t}\n\t.custom-btn-style-2 {\n\t\tpadding: 13px 30px !important;\n\t\tfont-size: 10px;\n\t\tfont-weight: 600;\n\t\tletter-spacing: 1px;\n\t}\n\t.custom-btn-style-2:hover {\n\t\tborder-color: #01b1f5 #01b1f5 #018dc3 !important;\n\t\tbackground-color: #01b1f5 !important;\n\t}\n\t.cs-h5 {\n\t\tfont-size:14px;\n\t\tline-height:18px;\n\t}\n\t.custom-contact-form-style-1 .form-group._divider > div:first-child:after {\n\t\tcontent: \"\";\n\t\tdisplay: block;\n\t\tposition: absolute;\n\t\tright: 0;\n\t\ttop: 0;\n\t\theight: 100%;\n\t\tborder-right: 1px solid #333;\n\t}\n input::placeholder, textarea::placeholder{\n\tcolor:#333!important;\n\t}\n\t.radio .wpcf7-radio .wpcf7-list-item .wpcf7-list-item-label{\n\t\tcolor: #333!important;\n\t}\n.wpcf7-form-control-wrap.acceptance-281, p.testo, .wpcf7-list-item-label{\ncolor:#333!important;\nfont-size:13px!important;\nline-height:16px!important;\n}\n.col-lg-12 strong{\ncolor:#333!important;\nmargin-top:15px!important;\nmargin-bottom:10px!important;\n}\np.testo{\nmargin-bottom:10px!important;\n}\n.test-ride-box .custom-contact-box.contact-color-quaternary.richiedi-preventivo{\n\tmax-width: 700px !important;\n}\n.title-form{\ncolor: #8dc63f!important;\n}\n<\/style><div class=\"wpcf7-response-output\" aria-hidden=\"true\"><\/div>\n<\/form>\n<\/div>\n[\/vc_column][\/vc_row]<\/p>\n<\/div>","protected":false},"excerpt":{"rendered":"<p>[vc_row full_width=\u00bbstretch_row_content\u00bb gap=\u00bb35&#8243; full_height=\u00bbyes\u00bb columns_placement=\u00bbbottom\u00bb el_class=\u00bbheader-prodotto ottanta\u00bb css=\u00bb.vc_custom_1610029300386{padding-right: 35px !important;padding-left: 35px !important;background-image: url(https:\/\/www.wayel.it\/wp-content\/uploads\/2020\/12\/contatti-header-large.jpg?id=4833) !important;background-position: center !important;background-repeat: no-repeat !important;background-size: cover !important;}\u00bb][vc_column][vc_row_inner][vc_column_inner el_class=\u00bbcontainer-nome-png\u00bb width=\u00bb1\/2&#8243;][vc_column_text] Contactos [\/vc_column_text][\/vc_column_inner][vc_column_inner width=\u00bb1\/2&#8243;][\/vc_column_inner][\/vc_row_inner][\/vc_column][\/vc_row][vc_row gap=\u00bb35&#8243; css=\u00bb.vc_custom_1611834881036{margin-top: 10px !important;margin-bottom: 10px !important;}\u00bb][vc_column width=\u00bb1\/2&#8243; css=\u00bb.vc_custom_1608307872884{padding-right: 15px !important;}\u00bb][vc_custom_heading text=\u00bbFIVE S.r.l.\u00bb font_container=\u00bbtag:h1|text_align:left\u00bb use_theme_fonts=\u00bbyes\u00bb][vc_empty_space height=\u00bb25px\u00bb][vc_custom_heading text=\u00bb\u00bfNo encontraste lo que buscabas?\u00bb font_container=\u00bbtag:h3|text_align:left\u00bb use_theme_fonts=\u00bbyes\u00bb][vc_column_text]Si necesitas m\u00e1s informaci\u00f3n sobre nuestras bicicletas el\u00e9ctricas y [&hellip;]<\/p>\n","protected":false},"author":4,"featured_media":0,"parent":0,"menu_order":0,"comment_status":"closed","ping_status":"closed","template":"","meta":{"inline_featured_image":false,"footnotes":""},"class_list":["post-11808","page","type-page","status-publish","hentry"],"yoast_head":"<!-- This site is optimized with the Yoast SEO plugin v27.4 - https:\/\/yoast.com\/product\/yoast-seo-wordpress\/ -->\n<title>Contactos - Bici Elettriche - Bicicletta Elettrica - Pedalata Assistita Wayel<\/title>\n<meta name=\"description\" content=\"Si necesitas m\u00e1s informaci\u00f3n sobre nuestras bicicletas el\u00e9ctricas y todos nuestros productos, escrive a nos contactos.\" \/>\n<meta name=\"robots\" content=\"index, follow, max-snippet:-1, max-image-preview:large, max-video-preview:-1\" \/>\n<link rel=\"canonical\" href=\"https:\/\/www.wayel.it\/es\/contactos\/\" \/>\n<meta property=\"og:locale\" content=\"es_ES\" \/>\n<meta property=\"og:type\" content=\"article\" \/>\n<meta property=\"og:title\" content=\"Contactos - Bici Elettriche - Bicicletta Elettrica - Pedalata Assistita Wayel\" \/>\n<meta property=\"og:description\" content=\"Si necesitas m\u00e1s informaci\u00f3n sobre nuestras bicicletas el\u00e9ctricas y todos nuestros productos, escrive a nos contactos.\" \/>\n<meta property=\"og:url\" content=\"https:\/\/www.wayel.it\/es\/contactos\/\" \/>\n<meta property=\"og:site_name\" content=\"Bici Elettriche - Bicicletta Elettrica - Pedalata Assistita Wayel\" \/>\n<meta property=\"article:modified_time\" content=\"2022-03-04T16:33:58+00:00\" \/>\n<meta name=\"twitter:card\" content=\"summary_large_image\" \/>\n<meta name=\"twitter:label1\" content=\"Tiempo de lectura\" \/>\n\t<meta name=\"twitter:data1\" content=\"1 minuto\" \/>\n<script type=\"application\/ld+json\" class=\"yoast-schema-graph\">{\"@context\":\"https:\\\/\\\/schema.org\",\"@graph\":[{\"@type\":\"WebPage\",\"@id\":\"https:\\\/\\\/www.wayel.it\\\/es\\\/contactos\\\/\",\"url\":\"https:\\\/\\\/www.wayel.it\\\/es\\\/contactos\\\/\",\"name\":\"Contactos - Bici Elettriche - Bicicletta Elettrica - Pedalata Assistita Wayel\",\"isPartOf\":{\"@id\":\"https:\\\/\\\/www.wayel.it\\\/#website\"},\"datePublished\":\"2022-03-04T16:27:17+00:00\",\"dateModified\":\"2022-03-04T16:33:58+00:00\",\"description\":\"Si necesitas m\u00e1s informaci\u00f3n sobre nuestras bicicletas el\u00e9ctricas y todos nuestros productos, escrive a nos contactos.\",\"breadcrumb\":{\"@id\":\"https:\\\/\\\/www.wayel.it\\\/es\\\/contactos\\\/#breadcrumb\"},\"inLanguage\":\"es\",\"potentialAction\":[{\"@type\":\"ReadAction\",\"target\":[\"https:\\\/\\\/www.wayel.it\\\/es\\\/contactos\\\/\"]}]},{\"@type\":\"BreadcrumbList\",\"@id\":\"https:\\\/\\\/www.wayel.it\\\/es\\\/contactos\\\/#breadcrumb\",\"itemListElement\":[{\"@type\":\"ListItem\",\"position\":1,\"name\":\"Home\",\"item\":\"https:\\\/\\\/www.wayel.it\\\/es\\\/\"},{\"@type\":\"ListItem\",\"position\":2,\"name\":\"Contactos\"}]},{\"@type\":\"WebSite\",\"@id\":\"https:\\\/\\\/www.wayel.it\\\/#website\",\"url\":\"https:\\\/\\\/www.wayel.it\\\/\",\"name\":\"Bici Elettriche - Bicicletta Elettrica - Pedalata Assistita Wayel\",\"description\":\"\",\"potentialAction\":[{\"@type\":\"SearchAction\",\"target\":{\"@type\":\"EntryPoint\",\"urlTemplate\":\"https:\\\/\\\/www.wayel.it\\\/?s={search_term_string}\"},\"query-input\":{\"@type\":\"PropertyValueSpecification\",\"valueRequired\":true,\"valueName\":\"search_term_string\"}}],\"inLanguage\":\"es\"}]}<\/script>\n<!-- \/ Yoast SEO plugin. -->","yoast_head_json":{"title":"Contactos - Bici Elettriche - Bicicletta Elettrica - Pedalata Assistita Wayel","description":"Si necesitas m\u00e1s informaci\u00f3n sobre nuestras bicicletas el\u00e9ctricas y todos nuestros productos, escrive a nos contactos.","robots":{"index":"index","follow":"follow","max-snippet":"max-snippet:-1","max-image-preview":"max-image-preview:large","max-video-preview":"max-video-preview:-1"},"canonical":"https:\/\/www.wayel.it\/es\/contactos\/","og_locale":"es_ES","og_type":"article","og_title":"Contactos - Bici Elettriche - Bicicletta Elettrica - Pedalata Assistita Wayel","og_description":"Si necesitas m\u00e1s informaci\u00f3n sobre nuestras bicicletas el\u00e9ctricas y todos nuestros productos, escrive a nos contactos.","og_url":"https:\/\/www.wayel.it\/es\/contactos\/","og_site_name":"Bici Elettriche - Bicicletta Elettrica - Pedalata Assistita Wayel","article_modified_time":"2022-03-04T16:33:58+00:00","twitter_card":"summary_large_image","twitter_misc":{"Tiempo de lectura":"1 minuto"},"schema":{"@context":"https:\/\/schema.org","@graph":[{"@type":"WebPage","@id":"https:\/\/www.wayel.it\/es\/contactos\/","url":"https:\/\/www.wayel.it\/es\/contactos\/","name":"Contactos - Bici Elettriche - Bicicletta Elettrica - Pedalata Assistita Wayel","isPartOf":{"@id":"https:\/\/www.wayel.it\/#website"},"datePublished":"2022-03-04T16:27:17+00:00","dateModified":"2022-03-04T16:33:58+00:00","description":"Si necesitas m\u00e1s informaci\u00f3n sobre nuestras bicicletas el\u00e9ctricas y todos nuestros productos, escrive a nos contactos.","breadcrumb":{"@id":"https:\/\/www.wayel.it\/es\/contactos\/#breadcrumb"},"inLanguage":"es","potentialAction":[{"@type":"ReadAction","target":["https:\/\/www.wayel.it\/es\/contactos\/"]}]},{"@type":"BreadcrumbList","@id":"https:\/\/www.wayel.it\/es\/contactos\/#breadcrumb","itemListElement":[{"@type":"ListItem","position":1,"name":"Home","item":"https:\/\/www.wayel.it\/es\/"},{"@type":"ListItem","position":2,"name":"Contactos"}]},{"@type":"WebSite","@id":"https:\/\/www.wayel.it\/#website","url":"https:\/\/www.wayel.it\/","name":"Bici Elettriche - Bicicletta Elettrica - Pedalata Assistita Wayel","description":"","potentialAction":[{"@type":"SearchAction","target":{"@type":"EntryPoint","urlTemplate":"https:\/\/www.wayel.it\/?s={search_term_string}"},"query-input":{"@type":"PropertyValueSpecification","valueRequired":true,"valueName":"search_term_string"}}],"inLanguage":"es"}]}},"_links":{"self":[{"href":"https:\/\/www.wayel.it\/es\/wp-json\/wp\/v2\/pages\/11808","targetHints":{"allow":["GET"]}}],"collection":[{"href":"https:\/\/www.wayel.it\/es\/wp-json\/wp\/v2\/pages"}],"about":[{"href":"https:\/\/www.wayel.it\/es\/wp-json\/wp\/v2\/types\/page"}],"author":[{"embeddable":true,"href":"https:\/\/www.wayel.it\/es\/wp-json\/wp\/v2\/users\/4"}],"replies":[{"embeddable":true,"href":"https:\/\/www.wayel.it\/es\/wp-json\/wp\/v2\/comments?post=11808"}],"version-history":[{"count":3,"href":"https:\/\/www.wayel.it\/es\/wp-json\/wp\/v2\/pages\/11808\/revisions"}],"predecessor-version":[{"id":11812,"href":"https:\/\/www.wayel.it\/es\/wp-json\/wp\/v2\/pages\/11808\/revisions\/11812"}],"wp:attachment":[{"href":"https:\/\/www.wayel.it\/es\/wp-json\/wp\/v2\/media?parent=11808"}],"curies":[{"name":"wp","href":"https:\/\/api.w.org\/{rel}","templated":true}]}}