{"id":11947,"date":"2020-12-14T13:53:44","date_gmt":"2020-12-14T13:53:44","guid":{"rendered":"https:\/\/www.wayel.it\/e-scooter\/"},"modified":"2022-05-09T08:47:38","modified_gmt":"2022-05-09T08:47:38","slug":"e-scooter","status":"publish","type":"page","link":"https:\/\/www.wayel.it\/es\/e-scooter\/","title":{"rendered":"E-scooter"},"content":{"rendered":"<div class=\"wpb-content-wrapper\"><p>[vc_row full_width=\u00bbstretch_row_content\u00bb gap=\u00bb35&#8243; full_height=\u00bbyes\u00bb columns_placement=\u00bbbottom\u00bb el_class=\u00bbheader-prodotto ottanta\u00bb css=\u00bb.vc_custom_1610028692374{padding-right: 35px !important;padding-left: 35px !important;background-image: url(https:\/\/www.wayel.it\/wp-content\/uploads\/2020\/12\/e-scooter-header-1.jpg?id=4976) !important;background-position: center !important;background-repeat: no-repeat !important;background-size: cover !important;}\u00bb][vc_column][vc_row_inner content_placement=\u00bbbottom\u00bb][vc_column_inner el_class=\u00bbcontainer-nome-png\u00bb][vc_column_text]<\/p>\n<h1>E-scooter<\/h1>\n<p>[\/vc_column_text][\/vc_column_inner][\/vc_row_inner][\/vc_column][\/vc_row][vc_row gap=\u00bb35&#8243; equal_height=\u00bbyes\u00bb el_class=\u00bbcolumnsgap-xl padding-strech pagina-categoria intro sezione nopadding-mobile\u00bb][vc_column][vc_custom_heading text=\u00bbEl futuro es electrizante\u00bb font_container=\u00bbtag:h1|text_align:left|color:%238dc63f\u00bb use_theme_fonts=\u00bbyes\u00bb][vc_row_inner content_placement=\u00bbmiddle\u00bb][vc_column_inner el_class=\u00bbtesto\u00bb width=\u00bb2\/3&#8243;][vc_column_text]<strong>La movilidad urbana est\u00e1 cambiando.<br \/>\nEl mundo de las dos ruedas por fin est\u00e1 preparado para la revoluci\u00f3n el\u00e9ctrica.<\/strong><\/p>\n<p>Os nuevos scooters el\u00e9ctricos WAYEL se mueven con agilidad en el tr\u00e1fico urbano.<br \/>\nSon c\u00f3modos gracias a los asientos de piel sint\u00e9tica, ecol\u00f3gicos porque no tienen emisiones, perfectamente seguros con frenos de disco delanteros y traseros. Est\u00e1n equipados con motores ultraeficientes, que brindan el equilibrio adecuado entre rendimiento y uso de energ\u00eda.<br \/>\nLos e-scooters de WAYEL se benefician de ecoincentivos estatales y regionales, est\u00e1n exentos de impuestos durante cinco a\u00f1os y, adem\u00e1s, tienen costes de mantenimiento notablemente reducidos y circulan en las LTZ de la mayor\u00eda de los municipios italianos*.[\/vc_column_text][\/vc_column_inner][vc_column_inner el_class=\u00bbimmagine centro\u00bb width=\u00bb1\/3&#8243;][vc_single_image image=\u00bb4013&#8243; img_size=\u00bbfull\u00bb][\/vc_column_inner][\/vc_row_inner][\/vc_column][\/vc_row][vc_row gap=\u00bb30&#8243; el_class=\u00bbpadding-strech elenco-prodotti nopadding-mobile\u00bb css=\u00bb.vc_custom_1611841929840{padding-bottom: 40px !important;}\u00bb][vc_column width=\u00bb1\/3&#8243; text_align=\u00bbcenter\u00bb][vc_single_image image=\u00bb4857&#8243; img_size=\u00bbfull\u00bb onclick=\u00bbcustom_link\u00bb link=\u00bb\/es\/e-scooter-w1\/\u00bb css=\u00bb.vc_custom_1646739282574{margin-bottom: 10px !important;}\u00bb]<a aria-label=\"W1\" class=\"porto-sicon-box-link\" href=\"\/es\/e-scooter-w1\/\" title='E-scooter W1'><div class=\"porto-sicon-box  wpb_custom_1efe903570d178ff0a9b7bfa5febd3a4 style_1 top-icon\"><div class=\"porto-sicon-header\"><h4 class=\"porto-sicon-title\" style=\"font-size:24px;\">W1<\/h4><\/div> <!-- header --><\/div><!-- porto-sicon-box --><\/a>[\/vc_column][vc_column width=\u00bb1\/3&#8243;][vc_single_image image=\u00bb4859&#8243; img_size=\u00bbfull\u00bb onclick=\u00bbcustom_link\u00bb link=\u00bb\/es\/e-scooter-w2\/\u00bb]<a aria-label=\"W2\" class=\"porto-sicon-box-link\" href=\"\/es\/e-scooter-w2\/\" title='E-scooter W2'><div class=\"porto-sicon-box  wpb_custom_1efe903570d178ff0a9b7bfa5febd3a4 style_1 top-icon\"><div class=\"porto-sicon-header\"><h4 class=\"porto-sicon-title\" style=\"font-size:24px;\">W2<\/h4><\/div> <!-- header --><\/div><!-- porto-sicon-box --><\/a>[\/vc_column][vc_column width=\u00bb1\/3&#8243;][vc_single_image image=\u00bb5006&#8243; img_size=\u00bbfull\u00bb onclick=\u00bbcustom_link\u00bb link=\u00bb\/es\/e-scooter-w3\/\u00bb]<a aria-label=\"W3\" class=\"porto-sicon-box-link\" href=\"\/es\/e-scooter-w3\/\" title='E-scooter W3'><div class=\"porto-sicon-box  wpb_custom_1efe903570d178ff0a9b7bfa5febd3a4 style_1 top-icon\"><div class=\"porto-sicon-header\"><h4 class=\"porto-sicon-title\" style=\"font-size:24px;\">W3<\/h4><\/div> <!-- header --><\/div><!-- porto-sicon-box --><\/a>[\/vc_column][\/vc_row][vc_row full_width=\u00bbstretch_row\u00bb gap=\u00bb35&#8243; equal_height=\u00bbyes\u00bb content_placement=\u00bbtop\u00bb el_class=\u00bbcolumnsgap-xl padding-strech tre-sezioni pagina-categoria nopadding-mobile\u00bb css=\u00bb.vc_custom_1611841935096{padding-top: 50px !important;padding-bottom: 50px !important;background-color: #eeeeee !important;}\u00bb][vc_column][vc_custom_heading text=\u00bb5 razones para elegir W1, W2 e W3&#8243; font_container=\u00bbtag:h1|text_align:center\u00bb use_theme_fonts=\u00bbyes\u00bb][vc_empty_space][vc_row_inner][vc_column_inner width=\u00bb1\/5&#8243;]<div class=\"porto-sicon-box  wpb_custom_1efe903570d178ff0a9b7bfa5febd3a4 style_1 top-icon\"><div class=\"porto-sicon-top\"><div class=\"porto-just-icon-wrapper porto-sicon-img  porto-icon-9f5d1cfb45d27d96b50bf473aebba227\" style=\"font-size: 48px;\"><img loading=\"lazy\" decoding=\"async\" class=\"img-icon\" alt=\"\" src=\"https:\/\/www.wayel.it\/wp-content\/uploads\/2020\/12\/icona-usb.svg\" width=\"1\" height=\"1\" \/><\/div><\/div><div class=\"porto-sicon-header\"><h4 class=\"porto-sicon-title\" style=\"font-weight:600;font-size:20px;\">Carga USB<\/h4><p>Siempre conectado con la toma USB para recargar tu smartphone.<\/p><\/div> <!-- header --><\/div><!-- porto-sicon-box -->[\/vc_column_inner][vc_column_inner width=\u00bb1\/5&#8243;]<div class=\"porto-sicon-box  wpb_custom_1efe903570d178ff0a9b7bfa5febd3a4 style_1 top-icon\"><div class=\"porto-sicon-top\"><div class=\"porto-just-icon-wrapper porto-sicon-img  porto-icon-9f5d1cfb45d27d96b50bf473aebba227\" style=\"font-size: 48px;\"><img loading=\"lazy\" decoding=\"async\" class=\"img-icon\" alt=\"\" src=\"https:\/\/www.wayel.it\/wp-content\/uploads\/2020\/12\/icona-antifurto.svg\" width=\"1\" height=\"1\" \/><\/div><\/div><div class=\"porto-sicon-header\"><h4 class=\"porto-sicon-title\" style=\"font-weight:600;font-size:20px;\">Protecci\u00f3n anti-robo<\/h4><p>Antirrobo suministrado que emite un sonido de advertencia y protege su scooter de personas malintencionadas.<\/p><\/div> <!-- header --><\/div><!-- porto-sicon-box -->[\/vc_column_inner][vc_column_inner width=\u00bb1\/5&#8243;]<div class=\"porto-sicon-box  wpb_custom_1efe903570d178ff0a9b7bfa5febd3a4 style_1 top-icon\"><div class=\"porto-sicon-top\"><div class=\"porto-just-icon-wrapper porto-sicon-img  porto-icon-9f5d1cfb45d27d96b50bf473aebba227\" style=\"font-size: 48px;\"><img loading=\"lazy\" decoding=\"async\" class=\"img-icon\" alt=\"\" src=\"https:\/\/www.wayel.it\/wp-content\/uploads\/2020\/12\/icona-motore.svg\" width=\"1\" height=\"1\" \/><\/div><\/div><div class=\"porto-sicon-header\"><h4 class=\"porto-sicon-title\" style=\"font-weight:600;font-size:20px;\">Motores BOSCH<\/h4><p>Motor de transmisi\u00f3n directa sin escobillas BOSCH, robusto, confiable, eficiente, integrado en la rueda trasera; desarrolla una potencia nominal de 1500W para W1, 2000W para W2 y 4000W para W3.<\/p><\/div> <!-- header --><\/div><!-- porto-sicon-box -->[\/vc_column_inner][vc_column_inner width=\u00bb1\/5&#8243;]<div class=\"porto-sicon-box  wpb_custom_1efe903570d178ff0a9b7bfa5febd3a4 style_1 top-icon\"><div class=\"porto-sicon-top\"><div class=\"porto-just-icon-wrapper porto-sicon-img  porto-icon-9f5d1cfb45d27d96b50bf473aebba227\" style=\"font-size: 48px;\"><img loading=\"lazy\" decoding=\"async\" class=\"img-icon\" alt=\"\" src=\"https:\/\/www.wayel.it\/wp-content\/uploads\/2020\/12\/icona-display-lcd.svg\" width=\"1\" height=\"1\" \/><\/div><\/div><div class=\"porto-sicon-header\"><h4 class=\"porto-sicon-title\" style=\"font-weight:600;font-size:20px;\">Pantalla LCD<\/h4><p>Pantalla LCD retroiluminada para monitorear constantemente las funciones necesarias cuando est\u00e1 en movimiento (bater\u00eda y velocidad).<\/p><\/div> <!-- header --><\/div><!-- porto-sicon-box -->[\/vc_column_inner][vc_column_inner width=\u00bb1\/5&#8243;]<div class=\"porto-sicon-box  wpb_custom_1efe903570d178ff0a9b7bfa5febd3a4 style_1 top-icon\"><div class=\"porto-sicon-top\"><div class=\"porto-just-icon-wrapper porto-sicon-img  porto-icon-9f5d1cfb45d27d96b50bf473aebba227\" style=\"font-size: 48px;\"><img loading=\"lazy\" decoding=\"async\" class=\"img-icon\" alt=\"\" src=\"https:\/\/www.wayel.it\/wp-content\/uploads\/2020\/12\/icona-batteria-1.svg\" width=\"1\" height=\"1\" \/><\/div><\/div><div class=\"porto-sicon-header\"><h4 class=\"porto-sicon-title\" style=\"font-weight:600;font-size:20px;\">Bater\u00edas<\/h4><p>Las bater\u00edas son de iones de litio, lo que garantiza un excelente rendimiento.<\/p><\/div> <!-- header --><\/div><!-- porto-sicon-box -->[\/vc_column_inner][\/vc_row_inner][\/vc_column][\/vc_row][vc_row full_width=\u00bbstretch_row_content\u00bb gap=\u00bb20&#8243; rtl_reverse=\u00bbyes\u00bb content_placement=\u00bbmiddle\u00bb disable_element=\u00bbyes\u00bb is_section=\u00bbyes\u00bb remove_margin_top=\u00bbyes\u00bb remove_border=\u00bbyes\u00bb css=\u00bb.vc_custom_1610008384767{margin-top: 30px !important;padding-top: 50px !important;padding-bottom: 50px !important;background-color: #eeeeee !important;background-position: center !important;background-repeat: no-repeat !important;background-size: cover !important;}\u00bb el_class=\u00bbsection-bg-slider nopadding-sx pagina-categoria sezione reverse-wrap\u00bb][vc_column width=\u00bb5\/12&#8243; css=\u00bb.vc_custom_1608646008147{margin-top: 0px !important;margin-right: 0px !important;margin-bottom: 0px !important;margin-left: 0px !important;padding-top: 0px !important;padding-right: 0px !important;padding-bottom: 0px !important;padding-left: 0px !important;background-image: url(https:\/\/www.wayel.it\/wp-content\/uploads\/2020\/12\/bg-made-in-italy.jpg?id=4598) !important;background-position: center !important;background-repeat: no-repeat !important;background-size: contain !important;}\u00bb el_class=\u00bbbg-slider bg-left bg-top immagine\u00bb][vc_single_image image=\u00bb4598&#8243; img_size=\u00bbfull\u00bb][\/vc_column][vc_column width=\u00bb7\/12&#8243; css=\u00bb.vc_custom_1608041556773{background-position: center !important;background-repeat: no-repeat !important;background-size: contain !important;}\u00bb el_class=\u00bbtesto\u00bb][vc_row_inner animation_type=\u00bbfadeInUp\u00bb el_class=\u00bbpadding-strech\u00bb][vc_column_inner][vc_custom_heading text=\u00bbPassione, competenza e innovazione nella fabbrica a zero emissioni\u00bb font_container=\u00bbtag:h1|text_align:left\u00bb use_theme_fonts=\u00bbyes\u00bb][vc_column_text]<strong>WAYEL \u00e8 un marchio FIVE &#8211; Fabbrica Italiana Veicoli Elettrici &#8211; il Gruppo italiano diventato, in pochi anni, il punto di riferimento per la mobilit\u00e0 elettrica e sostenibile.<\/strong><\/p>\n<p>Nata con l&#8217;intento di rilocalizzare dalla Cina all&#8217;Italia la produzione di bici e ciclomotori elettrici, la fabbrica FIVE rappresenta il primo progetto in grado di coniugare efficienza energetica, produzione industriale e sostenibilit\u00e0 ambientale secondo i principi della logica ZEB (Zero Energy Building).<\/p>\n<p>La sede di FIVE si trova nel cuore industriale di Bologna, si estende per complessivi 7.100 mq edificati, con un&#8217;area di circa 700 mq dedicata ai giardini.<\/p>\n<p>FIVE produce le bici elettriche made in Italy Wayel e Italwin, distribuisce in Italia il monopattino elettrico uGO e le minicar elettriche M1 e M2 a marchio Today Sunshine. Con i suoi veicoli elettrici, FIVE contribuisce a sostenere il futuro di una mobilit\u00e0 innovativa, economica e green.[\/vc_column_text][\/vc_column_inner][\/vc_row_inner][\/vc_column][\/vc_row][vc_row gap=\u00bb35&#8243; equal_height=\u00bbyes\u00bb disable_element=\u00bbyes\u00bb el_class=\u00bbcolumnsgap-xl padding-strech pagina-categoria sezione\u00bb][vc_column width=\u00bb2\/3&#8243; el_class=\u00bbtesto\u00bb][vc_custom_heading text=\u00bbGli scooter elettrici Wayel raddoppiano l\u2019autonomia di percorrenza\u00bb font_container=\u00bbtag:h1|text_align:left\u00bb use_theme_fonts=\u00bbyes\u00bb][vc_column_text]<\/p>\n<p class=\"p1\">Come? WAYEL ha equipaggiato i suoi scooter elettrici di una doppia batteria. W1 e W2 possono ospitare una seconda batteria (opzionale) che, inserita all\u2019interno del vano sottosella, ti offre l\u2019opportunit\u00e0 di raddoppiare l\u2019autonomia del tuo scooter elettrico.<\/p>\n<p class=\"p1\"><strong>Pratica e facile da gestire, scegli come ti \u00e8 pi\u00f9 comodo fare la ricarica. Le batterie sono estraibili e ricaricabili da una presa di corrente domestica, utilizzando il carica batteria in dotazione.<\/strong><\/p>\n<p>[\/vc_column_text][\/vc_column][vc_column width=\u00bb1\/3&#8243; el_class=\u00bbimmagine centro\u00bb][vc_single_image image=\u00bb4972&#8243; img_size=\u00bbfull\u00bb][\/vc_column][\/vc_row][vc_row gap=\u00bb35&#8243; equal_height=\u00bbyes\u00bb content_placement=\u00bbtop\u00bb disable_element=\u00bbyes\u00bb el_class=\u00bbcolumnsgap-xl padding-strech 3-sezioni pagina-categoria\u00bb css=\u00bb.vc_custom_1610008403720{padding-top: 50px !important;padding-bottom: 50px !important;}\u00bb][vc_column width=\u00bb1\/3&#8243;]<div class=\"porto-sicon-box  wpb_custom_1efe903570d178ff0a9b7bfa5febd3a4 style_1 default-icon\"><div class=\"porto-sicon-header\"><h4 class=\"porto-sicon-title\" style=\"font-weight:600;font-size:20px;\">Ricarica<\/h4><p>Ci sono due modi per ricaricare le batterie: attaccare il caricatore a una presa domestica da 220V del vostro box, oppure togliere in un attimo uno o entrambi i pacchi batterie, portarli a casa e metterli sotto carica.<\/p><\/div> <!-- header --><\/div><!-- porto-sicon-box -->[\/vc_column][vc_column width=\u00bb1\/3&#8243;]<div class=\"porto-sicon-box  wpb_custom_1efe903570d178ff0a9b7bfa5febd3a4 style_1 default-icon\"><div class=\"porto-sicon-header\"><h4 class=\"porto-sicon-title\" style=\"font-weight:600;font-size:20px;\">Autonomia<\/h4><p>Lo scooter funziona tranquillamente con una sola batteria, se ad esempio, dovete percorrere circa 50 km all\u2019interno di un circuito urbano per recarvi da casa all\u2019ufficio e ritorno, sar\u00e0 sufficiente un solo pacco batterie. Potrete cos\u00ec lasciare la seconda batteria in carica a casa e spostarvi con un mezzo pi\u00f9 leggero e, in tal caso, ridurre il dispendio energetico.<\/p><\/div> <!-- header --><\/div><!-- porto-sicon-box -->[\/vc_column][vc_column width=\u00bb1\/3&#8243;]<div class=\"porto-sicon-box  wpb_custom_1efe903570d178ff0a9b7bfa5febd3a4 style_1 default-icon\"><div class=\"porto-sicon-header\"><h4 class=\"porto-sicon-title\" style=\"font-weight:600;font-size:20px;\">Batterie<\/h4><p>Le batterie sono agli Ioni di Litio con celle LG e Samsung, a garanzia di ottime prestazioni. Il pacco batterie \u00e8 posizionato al centro dello scooter all'altezza delle ruote, in modo da rendere maneggevole e soprattutto sicura la guida.<\/p><\/div> <!-- header --><\/div><!-- porto-sicon-box -->[\/vc_column][\/vc_row][vc_row][vc_column][\/vc_column][\/vc_row]<\/p>\n<\/div>","protected":false},"excerpt":{"rendered":"<p>[vc_row full_width=\u00bbstretch_row_content\u00bb gap=\u00bb35&#8243; full_height=\u00bbyes\u00bb columns_placement=\u00bbbottom\u00bb el_class=\u00bbheader-prodotto ottanta\u00bb css=\u00bb.vc_custom_1610028692374{padding-right: 35px !important;padding-left: 35px !important;background-image: url(https:\/\/www.wayel.it\/wp-content\/uploads\/2020\/12\/e-scooter-header-1.jpg?id=4976) !important;background-position: center !important;background-repeat: no-repeat !important;background-size: cover !important;}\u00bb][vc_column][vc_row_inner content_placement=\u00bbbottom\u00bb][vc_column_inner el_class=\u00bbcontainer-nome-png\u00bb][vc_column_text] E-scooter [\/vc_column_text][\/vc_column_inner][\/vc_row_inner][\/vc_column][\/vc_row][vc_row gap=\u00bb35&#8243; equal_height=\u00bbyes\u00bb el_class=\u00bbcolumnsgap-xl padding-strech pagina-categoria intro sezione nopadding-mobile\u00bb][vc_column][vc_custom_heading text=\u00bbEl futuro es electrizante\u00bb font_container=\u00bbtag:h1|text_align:left|color:%238dc63f\u00bb use_theme_fonts=\u00bbyes\u00bb][vc_row_inner content_placement=\u00bbmiddle\u00bb][vc_column_inner el_class=\u00bbtesto\u00bb width=\u00bb2\/3&#8243;][vc_column_text]La movilidad urbana est\u00e1 cambiando. El mundo de las dos ruedas por fin est\u00e1 preparado [&hellip;]<\/p>\n","protected":false},"author":1,"featured_media":0,"parent":0,"menu_order":0,"comment_status":"closed","ping_status":"closed","template":"","meta":{"inline_featured_image":false,"footnotes":""},"class_list":["post-11947","page","type-page","status-publish","hentry"],"yoast_head":"<!-- This site is optimized with the Yoast SEO plugin v27.4 - https:\/\/yoast.com\/product\/yoast-seo-wordpress\/ -->\n<title>E-scooter Wayel<\/title>\n<meta name=\"description\" content=\"Los nuevos scooters el\u00e9ctricos WAYEL se mueven con agilidad en el tr\u00e1fico urbano. Son c\u00f3modos gracias a los asientos de piel sint\u00e9tica.\" \/>\n<meta name=\"robots\" content=\"index, follow, max-snippet:-1, max-image-preview:large, max-video-preview:-1\" \/>\n<link rel=\"canonical\" href=\"https:\/\/www.wayel.it\/es\/e-scooter\/\" \/>\n<meta property=\"og:locale\" content=\"es_ES\" \/>\n<meta property=\"og:type\" content=\"article\" \/>\n<meta property=\"og:title\" content=\"E-scooter Wayel\" \/>\n<meta property=\"og:description\" content=\"Los nuevos scooters el\u00e9ctricos WAYEL se mueven con agilidad en el tr\u00e1fico urbano. Son c\u00f3modos gracias a los asientos de piel sint\u00e9tica.\" \/>\n<meta property=\"og:url\" content=\"https:\/\/www.wayel.it\/es\/e-scooter\/\" \/>\n<meta property=\"og:site_name\" content=\"Bici Elettriche - Bicicletta Elettrica - Pedalata Assistita Wayel\" \/>\n<meta property=\"article:modified_time\" content=\"2022-05-09T08:47:38+00:00\" \/>\n<meta name=\"twitter:card\" content=\"summary_large_image\" \/>\n<meta name=\"twitter:label1\" content=\"Tiempo de lectura\" \/>\n\t<meta name=\"twitter:data1\" content=\"5 minutos\" \/>\n<script type=\"application\/ld+json\" class=\"yoast-schema-graph\">{\"@context\":\"https:\\\/\\\/schema.org\",\"@graph\":[{\"@type\":\"WebPage\",\"@id\":\"https:\\\/\\\/www.wayel.it\\\/es\\\/e-scooter\\\/\",\"url\":\"https:\\\/\\\/www.wayel.it\\\/es\\\/e-scooter\\\/\",\"name\":\"E-scooter Wayel\",\"isPartOf\":{\"@id\":\"https:\\\/\\\/www.wayel.it\\\/#website\"},\"datePublished\":\"2020-12-14T13:53:44+00:00\",\"dateModified\":\"2022-05-09T08:47:38+00:00\",\"description\":\"Los nuevos scooters el\u00e9ctricos WAYEL se mueven con agilidad en el tr\u00e1fico urbano. Son c\u00f3modos gracias a los asientos de piel sint\u00e9tica.\",\"breadcrumb\":{\"@id\":\"https:\\\/\\\/www.wayel.it\\\/es\\\/e-scooter\\\/#breadcrumb\"},\"inLanguage\":\"es\",\"potentialAction\":[{\"@type\":\"ReadAction\",\"target\":[\"https:\\\/\\\/www.wayel.it\\\/es\\\/e-scooter\\\/\"]}]},{\"@type\":\"BreadcrumbList\",\"@id\":\"https:\\\/\\\/www.wayel.it\\\/es\\\/e-scooter\\\/#breadcrumb\",\"itemListElement\":[{\"@type\":\"ListItem\",\"position\":1,\"name\":\"Home\",\"item\":\"https:\\\/\\\/www.wayel.it\\\/es\\\/\"},{\"@type\":\"ListItem\",\"position\":2,\"name\":\"E-scooter\"}]},{\"@type\":\"WebSite\",\"@id\":\"https:\\\/\\\/www.wayel.it\\\/#website\",\"url\":\"https:\\\/\\\/www.wayel.it\\\/\",\"name\":\"Bici Elettriche - Bicicletta Elettrica - Pedalata Assistita Wayel\",\"description\":\"\",\"potentialAction\":[{\"@type\":\"SearchAction\",\"target\":{\"@type\":\"EntryPoint\",\"urlTemplate\":\"https:\\\/\\\/www.wayel.it\\\/?s={search_term_string}\"},\"query-input\":{\"@type\":\"PropertyValueSpecification\",\"valueRequired\":true,\"valueName\":\"search_term_string\"}}],\"inLanguage\":\"es\"}]}<\/script>\n<!-- \/ Yoast SEO plugin. -->","yoast_head_json":{"title":"E-scooter Wayel","description":"Los nuevos scooters el\u00e9ctricos WAYEL se mueven con agilidad en el tr\u00e1fico urbano. Son c\u00f3modos gracias a los asientos de piel sint\u00e9tica.","robots":{"index":"index","follow":"follow","max-snippet":"max-snippet:-1","max-image-preview":"max-image-preview:large","max-video-preview":"max-video-preview:-1"},"canonical":"https:\/\/www.wayel.it\/es\/e-scooter\/","og_locale":"es_ES","og_type":"article","og_title":"E-scooter Wayel","og_description":"Los nuevos scooters el\u00e9ctricos WAYEL se mueven con agilidad en el tr\u00e1fico urbano. Son c\u00f3modos gracias a los asientos de piel sint\u00e9tica.","og_url":"https:\/\/www.wayel.it\/es\/e-scooter\/","og_site_name":"Bici Elettriche - Bicicletta Elettrica - Pedalata Assistita Wayel","article_modified_time":"2022-05-09T08:47:38+00:00","twitter_card":"summary_large_image","twitter_misc":{"Tiempo de lectura":"5 minutos"},"schema":{"@context":"https:\/\/schema.org","@graph":[{"@type":"WebPage","@id":"https:\/\/www.wayel.it\/es\/e-scooter\/","url":"https:\/\/www.wayel.it\/es\/e-scooter\/","name":"E-scooter Wayel","isPartOf":{"@id":"https:\/\/www.wayel.it\/#website"},"datePublished":"2020-12-14T13:53:44+00:00","dateModified":"2022-05-09T08:47:38+00:00","description":"Los nuevos scooters el\u00e9ctricos WAYEL se mueven con agilidad en el tr\u00e1fico urbano. Son c\u00f3modos gracias a los asientos de piel sint\u00e9tica.","breadcrumb":{"@id":"https:\/\/www.wayel.it\/es\/e-scooter\/#breadcrumb"},"inLanguage":"es","potentialAction":[{"@type":"ReadAction","target":["https:\/\/www.wayel.it\/es\/e-scooter\/"]}]},{"@type":"BreadcrumbList","@id":"https:\/\/www.wayel.it\/es\/e-scooter\/#breadcrumb","itemListElement":[{"@type":"ListItem","position":1,"name":"Home","item":"https:\/\/www.wayel.it\/es\/"},{"@type":"ListItem","position":2,"name":"E-scooter"}]},{"@type":"WebSite","@id":"https:\/\/www.wayel.it\/#website","url":"https:\/\/www.wayel.it\/","name":"Bici Elettriche - Bicicletta Elettrica - Pedalata Assistita Wayel","description":"","potentialAction":[{"@type":"SearchAction","target":{"@type":"EntryPoint","urlTemplate":"https:\/\/www.wayel.it\/?s={search_term_string}"},"query-input":{"@type":"PropertyValueSpecification","valueRequired":true,"valueName":"search_term_string"}}],"inLanguage":"es"}]}},"_links":{"self":[{"href":"https:\/\/www.wayel.it\/es\/wp-json\/wp\/v2\/pages\/11947","targetHints":{"allow":["GET"]}}],"collection":[{"href":"https:\/\/www.wayel.it\/es\/wp-json\/wp\/v2\/pages"}],"about":[{"href":"https:\/\/www.wayel.it\/es\/wp-json\/wp\/v2\/types\/page"}],"author":[{"embeddable":true,"href":"https:\/\/www.wayel.it\/es\/wp-json\/wp\/v2\/users\/1"}],"replies":[{"embeddable":true,"href":"https:\/\/www.wayel.it\/es\/wp-json\/wp\/v2\/comments?post=11947"}],"version-history":[{"count":3,"href":"https:\/\/www.wayel.it\/es\/wp-json\/wp\/v2\/pages\/11947\/revisions"}],"predecessor-version":[{"id":12954,"href":"https:\/\/www.wayel.it\/es\/wp-json\/wp\/v2\/pages\/11947\/revisions\/12954"}],"wp:attachment":[{"href":"https:\/\/www.wayel.it\/es\/wp-json\/wp\/v2\/media?parent=11947"}],"curies":[{"name":"wp","href":"https:\/\/api.w.org\/{rel}","templated":true}]}}